{"id":16123,"date":"2025-08-27T10:35:44","date_gmt":"2025-08-27T16:35:44","guid":{"rendered":"https:\/\/cityofbell.wpenginepowered.com\/departamento-de-desarrollo-comunitario\/actualizacion-del-plan-general\/"},"modified":"2025-11-10T14:30:44","modified_gmt":"2025-11-10T21:30:44","slug":"actualizacion-del-plan-general","status":"publish","type":"page","link":"https:\/\/bellevueidaho.gov\/es\/departamento-de-desarrollo-comunitario-2\/actualizacion-del-plan-general\/","title":{"rendered":"Actualizaci\u00f3n del Plan General"},"content":{"rendered":"\t\t<div data-elementor-type=\"wp-page\" data-elementor-id=\"16123\" class=\"elementor elementor-16123 elementor-16109\" data-elementor-post-type=\"page\">\n\t\t\t\t<div class=\"elementor-element elementor-element-112472d e-flex e-con-boxed e-con e-parent\" data-id=\"112472d\" data-element_type=\"container\" data-e-type=\"container\">\n\t\t\t\t\t<div class=\"e-con-inner\">\n\t\t\t\t<div class=\"elementor-element elementor-element-f2a1610 elementor-widget elementor-widget-text-editor\" data-id=\"f2a1610\" data-element_type=\"widget\" data-e-type=\"widget\" data-widget_type=\"text-editor.default\">\n\t\t\t\t<div class=\"elementor-widget-container\">\n\t\t\t\t\t\t\t\t\t<div><div style=\"line-height: 1.4; direction: ltr;\"><p><span style=\"color: #000000; letter-spacing: 0em;\">El <a href=\"https:\/\/bellevueidaho.gov\/es\/document\/plan-integral-de-la-ciudad-de-bellevue\/\" target=\"_blank\" rel=\"noopener\">Plan Integral de Bellevue se adopt\u00f3 por \u00faltima vez en 2017<\/a> y est\u00e1 listo para ser actualizado. Actualmente en desarrollo, la actualizaci\u00f3n del Plan Integral de Bellevue reflejar\u00e1 mejor el uso actual del suelo, los valores de la comunidad y los objetivos futuros. El Plan actualizado proporcionar\u00e1 una visi\u00f3n rectora y unos objetivos que guiar\u00e1n el uso del suelo de la ciudad, la elaboraci\u00f3n de presupuestos y otras decisiones de alto nivel.<\/span><\/p><\/div><\/div>\t\t\t\t\t\t\t\t<\/div>\n\t\t\t\t<\/div>\n\t\t\t\t<div class=\"elementor-element elementor-element-b904c4c elementor-widget elementor-widget-text-editor\" data-id=\"b904c4c\" data-element_type=\"widget\" data-e-type=\"widget\" data-widget_type=\"text-editor.default\">\n\t\t\t\t<div class=\"elementor-widget-container\">\n\t\t\t\t\t\t\t\t\t<p>El Plan Integral es el documento que gu\u00eda el crecimiento de la ciudad. M\u00e1s all\u00e1 de los elementos del plan exigidos por <a href=\"https:\/\/legislature.idaho.gov\/statutesrules\/idstat\/Title67\/T67CH65\/SECT67-6508\/\" target=\"_blank\" rel=\"noopener\">la Ley de Idaho<\/a>, nos esforzamos por que los dirigentes de la ciudad recurran al Plan siempre que tengan que tomar una decisi\u00f3n dif\u00edcil. <strong>El Plan Integral<\/strong> <b>  ser\u00e1 la visi\u00f3n de la comunidad de lo que quieren que sea su ciudad. Queremos que participes activamente en la elecci\u00f3n del futuro de Bellevue. <\/b><\/p>\t\t\t\t\t\t\t\t<\/div>\n\t\t\t\t<\/div>\n\t\t\t\t<div class=\"elementor-element elementor-element-e78d8d7 elementor-widget elementor-widget-text-editor\" data-id=\"e78d8d7\" data-element_type=\"widget\" data-e-type=\"widget\" data-widget_type=\"text-editor.default\">\n\t\t\t\t<div class=\"elementor-widget-container\">\n\t\t\t\t\t\t\t\t\t<h1>Cronolog\u00eda<\/h1><div>Se prev\u00e9 que el plan definitivo se adopte en la primavera de 2027. A medida que se vayan elaborando borradores del documento, se ir\u00e1n a\u00f1adiendo aqu\u00ed. <\/div>\t\t\t\t\t\t\t\t<\/div>\n\t\t\t\t<\/div>\n\t\t\t\t\t<\/div>\n\t\t\t\t<\/div>\n\t\t<div class=\"elementor-element elementor-element-978b87c e-flex e-con-boxed e-con e-parent\" data-id=\"978b87c\" data-element_type=\"container\" data-e-type=\"container\">\n\t\t\t\t\t<div class=\"e-con-inner\">\n\t\t\t\t<div class=\"elementor-element elementor-element-5c355f2 elementor-widget elementor-widget-text-editor\" data-id=\"5c355f2\" data-element_type=\"widget\" data-e-type=\"widget\" data-widget_type=\"text-editor.default\">\n\t\t\t\t<div class=\"elementor-widget-container\">\n\t\t\t\t\t\t\t\t\t<h1>Participe<\/h1><p>El Plan Integral s\u00f3lo es eficaz y valioso cuando refleja a la comunidad. Por ello, queremos que usted participe en su elaboraci\u00f3n. He aqu\u00ed algunas formas de participar:  <\/p>\t\t\t\t\t\t\t\t<\/div>\n\t\t\t\t<\/div>\n\t\t\t\t\t<\/div>\n\t\t\t\t<\/div>\n\t\t<div class=\"elementor-element elementor-element-0a607fd e-flex e-con-boxed e-con e-parent\" data-id=\"0a607fd\" data-element_type=\"container\" data-e-type=\"container\">\n\t\t\t\t\t<div class=\"e-con-inner\">\n\t\t\t\t<div class=\"elementor-element elementor-element-6dff837 elementor-align-center elementor-widget elementor-widget-button\" data-id=\"6dff837\" data-element_type=\"widget\" data-e-type=\"widget\" data-widget_type=\"button.default\">\n\t\t\t\t<div class=\"elementor-widget-container\">\n\t\t\t\t\t\t\t\t\t<div class=\"elementor-button-wrapper\">\n\t\t\t\t\t<a class=\"elementor-button elementor-button-link elementor-size-sm\" href=\"https:\/\/mailchi.mp\/bellevueidaho\/comprehensive-plan-email-signup\" target=\"_blank\">\n\t\t\t\t\t\t<span class=\"elementor-button-content-wrapper\">\n\t\t\t\t\t\t\t\t\t<span class=\"elementor-button-text\">Suscr\u00edbase a las actualizaciones por correo electr\u00f3nico<\/span>\n\t\t\t\t\t<\/span>\n\t\t\t\t\t<\/a>\n\t\t\t\t<\/div>\n\t\t\t\t\t\t\t\t<\/div>\n\t\t\t\t<\/div>\n\t\t\t\t\t<\/div>\n\t\t\t\t<\/div>\n\t\t<div class=\"elementor-element elementor-element-d5f3cd0 e-grid e-con-boxed e-con e-parent\" data-id=\"d5f3cd0\" data-element_type=\"container\" data-e-type=\"container\">\n\t\t\t\t\t<div class=\"e-con-inner\">\n\t\t\t\t<div class=\"elementor-element elementor-element-c7e583d elementor-widget elementor-widget-text-editor\" data-id=\"c7e583d\" data-element_type=\"widget\" data-e-type=\"widget\" data-widget_type=\"text-editor.default\">\n\t\t\t\t<div class=\"elementor-widget-container\">\n\t\t\t\t\t\t\t\t\t<h2>Encuestas<\/h2><div><p>Entra en <a href=\"https:\/\/bellevueidaho.gov\/es\/encuestas\/\" target=\"_blank\" rel=\"noopener\">bellevueidaho.gov\/surveys<\/a> y realiza la encuesta de este mes. Nuestras encuestas mensuales nos ayudar\u00e1n a comprender su visi\u00f3n de su comunidad, para que podamos elaborar un Plan que le represente.<\/p><\/div>\t\t\t\t\t\t\t\t<\/div>\n\t\t\t\t<\/div>\n\t\t\t\t<div class=\"elementor-element elementor-element-e9d08b2 elementor-widget elementor-widget-text-editor\" data-id=\"e9d08b2\" data-element_type=\"widget\" data-e-type=\"widget\" data-widget_type=\"text-editor.default\">\n\t\t\t\t<div class=\"elementor-widget-container\">\n\t\t\t\t\t\t\t\t\t<h2>Eventos<\/h2><div><p>El personal de la ciudad estar\u00e1 presente en el D\u00eda del Trabajo, en Trunk or Treat, en el encendido del \u00e1rbol navide\u00f1o y en otros eventos de la comunidad. Venga a vernos y participe en una actividad creativa. <\/p><\/div>\t\t\t\t\t\t\t\t<\/div>\n\t\t\t\t<\/div>\n\t\t\t\t<div class=\"elementor-element elementor-element-6e99e14 elementor-widget elementor-widget-text-editor\" data-id=\"6e99e14\" data-element_type=\"widget\" data-e-type=\"widget\" data-widget_type=\"text-editor.default\">\n\t\t\t\t<div class=\"elementor-widget-container\">\n\t\t\t\t\t\t\t\t\t<h2>Club de planificaci\u00f3n de medios de comunicaci\u00f3n<\/h2><div><p>Para crear grandes pol\u00edticas, debemos aprender de los expertos y de otras comunidades. El Planning Media Club se reunir\u00e1 mensualmente para hablar de extractos de libros, art\u00edculos, podcasts, otros planes integrales y mucho m\u00e1s.   <a href=\"mailto:bparker@bellevueidaho.us\">P\u00f3ngase en contacto con el personal para unirse al club.<\/a><\/p><\/div>\t\t\t\t\t\t\t\t<\/div>\n\t\t\t\t<\/div>\n\t\t\t\t<div class=\"elementor-element elementor-element-09ff80a elementor-widget elementor-widget-text-editor\" data-id=\"09ff80a\" data-element_type=\"widget\" data-e-type=\"widget\" data-widget_type=\"text-editor.default\">\n\t\t\t\t<div class=\"elementor-widget-container\">\n\t\t\t\t\t\t\t\t\t<h2>&#8220;Tel\u00e9fono &#8220;Deje un mensaje<\/h2><div><p>Si ves un tel\u00e9fono p\u00fablico decorado y funcional por la ciudad, \u00a1c\u00f3gelo y d\u00e9janos un mensaje! Podr\u00e1s dejarnos tu opini\u00f3n sobre Bellevue y tu visi\u00f3n de la comunidad. El aviso se actualizar\u00e1 mensualmente, as\u00ed que compru\u00e9balo cuando lo veas.  <\/p><\/div>\t\t\t\t\t\t\t\t<\/div>\n\t\t\t\t<\/div>\n\t\t\t\t<div class=\"elementor-element elementor-element-dc04975 elementor-widget elementor-widget-text-editor\" data-id=\"dc04975\" data-element_type=\"widget\" data-e-type=\"widget\" data-widget_type=\"text-editor.default\">\n\t\t\t\t<div class=\"elementor-widget-container\">\n\t\t\t\t\t\t\t\t\t<h2>Puestos en la ciudad<\/h2><div><p>En los pr\u00f3ximos meses, el personal instalar\u00e1 una mesa en varios lugares de la ciudad y recabar\u00e1 sus opiniones. Venga a charlar con nosotros. <\/p><\/div>\t\t\t\t\t\t\t\t<\/div>\n\t\t\t\t<\/div>\n\t\t\t\t<div class=\"elementor-element elementor-element-55a7156 elementor-widget elementor-widget-text-editor\" data-id=\"55a7156\" data-element_type=\"widget\" data-e-type=\"widget\" data-widget_type=\"text-editor.default\">\n\t\t\t\t<div class=\"elementor-widget-container\">\n\t\t\t\t\t\t\t\t\t<h2>Pase por el Ayuntamiento<\/h2><div><p>Siempre estamos dispuestos a hablar de todo lo relacionado con la planificaci\u00f3n y el desarrollo comunitario. Las visitas sin cita previa son bienvenidas, pero concertar una cita garantizar\u00e1 la disponibilidad del personal.   <a href=\"mailto:%20bparker@bellevueidaho.us\" target=\"_blank\" rel=\"noopener\">P\u00f3ngase en contacto con el personal para concertar una cita.<\/a><\/p><\/div>\t\t\t\t\t\t\t\t<\/div>\n\t\t\t\t<\/div>\n\t\t\t\t\t<\/div>\n\t\t\t\t<\/div>\n\t\t\t\t<\/div>\n\t\t","protected":false},"excerpt":{"rendered":"<p>El Plan Integral de Bellevue se adopt\u00f3 por \u00faltima vez en 2017 y est\u00e1 listo para ser actualizado. Actualmente en desarrollo, la actualizaci\u00f3n del Plan Integral de Bellevue reflejar\u00e1 mejor &hellip;<\/p>\n","protected":false},"author":6,"featured_media":17710,"parent":13194,"menu_order":0,"comment_status":"closed","ping_status":"closed","template":"template-fullwidth.php","meta":{"_acf_changed":false,"footnotes":""},"class_list":["post-16123","page","type-page","status-publish","has-post-thumbnail","hentry"],"acf":[],"_links":{"self":[{"href":"https:\/\/bellevueidaho.gov\/es\/wp-json\/wp\/v2\/pages\/16123","targetHints":{"allow":["GET"]}}],"collection":[{"href":"https:\/\/bellevueidaho.gov\/es\/wp-json\/wp\/v2\/pages"}],"about":[{"href":"https:\/\/bellevueidaho.gov\/es\/wp-json\/wp\/v2\/types\/page"}],"author":[{"embeddable":true,"href":"https:\/\/bellevueidaho.gov\/es\/wp-json\/wp\/v2\/users\/6"}],"replies":[{"embeddable":true,"href":"https:\/\/bellevueidaho.gov\/es\/wp-json\/wp\/v2\/comments?post=16123"}],"version-history":[{"count":0,"href":"https:\/\/bellevueidaho.gov\/es\/wp-json\/wp\/v2\/pages\/16123\/revisions"}],"up":[{"embeddable":true,"href":"https:\/\/bellevueidaho.gov\/es\/wp-json\/wp\/v2\/pages\/13194"}],"wp:featuredmedia":[{"embeddable":true,"href":"https:\/\/bellevueidaho.gov\/es\/wp-json\/wp\/v2\/media\/17710"}],"wp:attachment":[{"href":"https:\/\/bellevueidaho.gov\/es\/wp-json\/wp\/v2\/media?parent=16123"}],"curies":[{"name":"wp","href":"https:\/\/api.w.org\/{rel}","templated":true}]}}