{"id":14789,"date":"2025-05-04T19:16:09","date_gmt":"2025-05-05T01:16:09","guid":{"rendered":"https:\/\/cityofbell.wpenginepowered.com\/paginas\/formulario-de-comentarios-del-publico\/"},"modified":"2025-12-22T09:50:57","modified_gmt":"2025-12-22T16:50:57","slug":"formulario-de-comentarios-del-publico","status":"publish","type":"page","link":"https:\/\/bellevueidaho.gov\/es\/paginas\/formulario-de-comentarios-del-publico\/","title":{"rendered":"Formulario de comentarios del p\u00fablico"},"content":{"rendered":"\t\t<div data-elementor-type=\"wp-page\" data-elementor-id=\"14789\" class=\"elementor elementor-14789 elementor-14785\" data-elementor-post-type=\"page\">\n\t\t\t\t<div class=\"elementor-element elementor-element-3392db3 e-con-full e-flex e-con e-parent\" data-id=\"3392db3\" data-element_type=\"container\" data-e-type=\"container\" data-settings=\"{&quot;background_background&quot;:&quot;classic&quot;}\">\n\t\t\t\t<div class=\"elementor-element elementor-element-c43e838 elementor-widget elementor-widget-heading\" data-id=\"c43e838\" data-element_type=\"widget\" data-e-type=\"widget\" data-widget_type=\"heading.default\">\n\t\t\t\t<div class=\"elementor-widget-container\">\n\t\t\t\t\t<h1 class=\"elementor-heading-title elementor-size-default\">Formulario de comentarios del p\u00fablico<\/h1>\t\t\t\t<\/div>\n\t\t\t\t<\/div>\n\t\t\t\t<\/div>\n\t\t<div class=\"elementor-element elementor-element-7e1d3c86 e-flex e-con-boxed e-con e-parent\" data-id=\"7e1d3c86\" data-element_type=\"container\" data-e-type=\"container\">\n\t\t\t\t\t<div class=\"e-con-inner\">\n\t\t\t\t<div class=\"elementor-element elementor-element-55e80409 elementor-widget elementor-widget-text-editor\" data-id=\"55e80409\" data-element_type=\"widget\" data-e-type=\"widget\" data-widget_type=\"text-editor.default\">\n\t\t\t\t<div class=\"elementor-widget-container\">\n\t\t\t\t\t\t\t\t\t<h3>Formulario de comentarios del p\u00fablico<\/h3><p>Utilice este formulario para enviar su comentario p\u00fablico. Haga clic en <a href=\"https:\/\/bellevueidaho.gov\/document\/public-comment-form-2\/\"><strong><span style=\"text-decoration: underline;\">aqu\u00ed<\/span><\/strong><\/a> para obtener el formulario en papel.   <\/p>\t\t\t\t\t\t\t\t<\/div>\n\t\t\t\t<\/div>\n\t\t\t\t\t<\/div>\n\t\t\t\t<\/div>\n\t\t\t\t<\/div>\n\t\t","protected":false},"excerpt":{"rendered":"<p>Formulario de comentarios del p\u00fablico Formulario de comentarios del p\u00fablico Utilice este formulario para enviar su comentario p\u00fablico. Haga clic en aqu\u00ed para obtener el formulario en papel.<\/p>\n","protected":false},"author":2,"featured_media":0,"parent":12475,"menu_order":0,"comment_status":"closed","ping_status":"closed","template":"elementor_header_footer","meta":{"_acf_changed":false,"footnotes":""},"class_list":["post-14789","page","type-page","status-publish","hentry"],"acf":[],"_links":{"self":[{"href":"https:\/\/bellevueidaho.gov\/es\/wp-json\/wp\/v2\/pages\/14789","targetHints":{"allow":["GET"]}}],"collection":[{"href":"https:\/\/bellevueidaho.gov\/es\/wp-json\/wp\/v2\/pages"}],"about":[{"href":"https:\/\/bellevueidaho.gov\/es\/wp-json\/wp\/v2\/types\/page"}],"author":[{"embeddable":true,"href":"https:\/\/bellevueidaho.gov\/es\/wp-json\/wp\/v2\/users\/2"}],"replies":[{"embeddable":true,"href":"https:\/\/bellevueidaho.gov\/es\/wp-json\/wp\/v2\/comments?post=14789"}],"version-history":[{"count":0,"href":"https:\/\/bellevueidaho.gov\/es\/wp-json\/wp\/v2\/pages\/14789\/revisions"}],"up":[{"embeddable":true,"href":"https:\/\/bellevueidaho.gov\/es\/wp-json\/wp\/v2\/pages\/12475"}],"wp:attachment":[{"href":"https:\/\/bellevueidaho.gov\/es\/wp-json\/wp\/v2\/media?parent=14789"}],"curies":[{"name":"wp","href":"https:\/\/api.w.org\/{rel}","templated":true}]}}