{"id":14104,"date":"2025-04-02T04:41:06","date_gmt":"2025-04-02T10:41:06","guid":{"rendered":"https:\/\/cityofbell.wpenginepowered.com\/ofertas-de-empleo-municipales\/"},"modified":"2025-04-03T12:03:19","modified_gmt":"2025-04-03T18:03:19","slug":"ofertas-de-empleo-municipales","status":"publish","type":"page","link":"https:\/\/bellevueidaho.gov\/es\/ofertas-de-empleo-municipales\/","title":{"rendered":"Ofertas de empleo municipales"},"content":{"rendered":"\t\t<div data-elementor-type=\"wp-page\" data-elementor-id=\"14104\" class=\"elementor elementor-14104 elementor-14102\" data-elementor-post-type=\"page\">\n\t\t\t\t<div class=\"elementor-element elementor-element-7699b55 e-con-full e-flex e-con e-parent\" data-id=\"7699b55\" data-element_type=\"container\" data-e-type=\"container\" data-settings=\"{&quot;background_background&quot;:&quot;classic&quot;}\">\n\t\t\t\t<div class=\"elementor-element elementor-element-f8dcf49 elementor-widget elementor-widget-heading\" data-id=\"f8dcf49\" data-element_type=\"widget\" data-e-type=\"widget\" data-widget_type=\"heading.default\">\n\t\t\t\t<div class=\"elementor-widget-container\">\n\t\t\t\t\t<h1 class=\"elementor-heading-title elementor-size-default\">Ofertas de empleo municipales<\/h1>\t\t\t\t<\/div>\n\t\t\t\t<\/div>\n\t\t\t\t<\/div>\n\t\t<div class=\"elementor-element elementor-element-0223b80 e-con-full e-flex e-con e-parent\" data-id=\"0223b80\" data-element_type=\"container\" data-e-type=\"container\">\n\t\t\t\t<div class=\"elementor-element elementor-element-d2f4ab4 elementor-widget elementor-widget-text-editor\" data-id=\"d2f4ab4\" data-element_type=\"widget\" data-e-type=\"widget\" data-widget_type=\"text-editor.default\">\n\t\t\t\t<div class=\"elementor-widget-container\">\n\t\t\t\t\t\t\t\t\t<h1 style=\"text-align: center;\"><strong><span style=\"color: #0000ff;\">Puestos vacantes<\/span><\/strong><\/h1><h3><strong>Planificador -Departamento<\/strong>: Desarrollo Comunitario  <\/h3><p>Bajo la supervisi\u00f3n general del Director de Desarrollo Comunitario, desempe\u00f1a funciones generales, que incluyen la planificaci\u00f3n y la asistencia en la ejecuci\u00f3n de los esfuerzos de planificaci\u00f3n del desarrollo de la ciudad de Bellevue en colaboraci\u00f3n con otros departamentos municipales, socios regionales y partes interesadas de la comunidad. Realiza tareas especializadas, complejas y administrativas que requieren el ejercicio de un juicio independiente. Lleva a cabo actividades de planificaci\u00f3n que incluyen el apoyo a la planificaci\u00f3n para la difusi\u00f3n de informaci\u00f3n, planes de emplazamiento, subdivisiones, usos condicionales, desarrollo de c\u00f3digos, revisi\u00f3n de la ordenanza de zonificaci\u00f3n, interpretaci\u00f3n y aplicaci\u00f3n general del C\u00f3digo Municipal de Bellevue. Supervisa el proceso de construcci\u00f3n y concesi\u00f3n de permisos.   <\/p><p>haga clic <span style=\"color: #0000ff;\"><a style=\"color: #0000ff; text-decoration: underline;\" href=\"https:\/\/bellevueidaho.gov\/es\/document\/descripcion-del-puesto-de-planificador\/\" target=\"_blank\" rel=\"noopener\">aqu\u00ed<\/a><\/span> para ver la descripci\u00f3n completa del puesto  <\/p><p><span style=\"text-decoration: underline;\"><span style=\"color: #0000ff; text-decoration: underline;\"><a style=\"color: #0000ff; text-decoration: underline;\" href=\"https:\/\/bellevueidaho.gov\/es\/document\/solicitud-de-empleo-en-la-ciudad-de-bellevue\/\" target=\"_blank\" rel=\"noopener\">Solicitud de empleo en la ciudad de Bellevue  <\/a><\/span><\/span><\/p><h4 style=\"text-align: center;\">  Puesto vacante hasta cubrirse. Env\u00ede una carta de presentaci\u00f3n, un curr\u00edculum v\u00edtae y una solicitud de empleo o cualquier pregunta por correo electr\u00f3nico a bparker@bellevueidaho.us. <\/h4>\t\t\t\t\t\t\t\t<\/div>\n\t\t\t\t<\/div>\n\t\t\t\t<\/div>\n\t\t\t\t<\/div>\n\t\t","protected":false},"excerpt":{"rendered":"<p>Ofertas de empleo municipales Puestos vacantes Planificador -Departamento: Desarrollo Comunitario Bajo la supervisi\u00f3n general del Director de Desarrollo Comunitario, desempe\u00f1a funciones generales, que incluyen la planificaci\u00f3n y la asistencia en &hellip;<\/p>\n","protected":false},"author":2,"featured_media":0,"parent":0,"menu_order":0,"comment_status":"closed","ping_status":"closed","template":"elementor_header_footer","meta":{"_acf_changed":false,"footnotes":""},"class_list":["post-14104","page","type-page","status-publish","hentry"],"acf":[],"_links":{"self":[{"href":"https:\/\/bellevueidaho.gov\/es\/wp-json\/wp\/v2\/pages\/14104","targetHints":{"allow":["GET"]}}],"collection":[{"href":"https:\/\/bellevueidaho.gov\/es\/wp-json\/wp\/v2\/pages"}],"about":[{"href":"https:\/\/bellevueidaho.gov\/es\/wp-json\/wp\/v2\/types\/page"}],"author":[{"embeddable":true,"href":"https:\/\/bellevueidaho.gov\/es\/wp-json\/wp\/v2\/users\/2"}],"replies":[{"embeddable":true,"href":"https:\/\/bellevueidaho.gov\/es\/wp-json\/wp\/v2\/comments?post=14104"}],"version-history":[{"count":0,"href":"https:\/\/bellevueidaho.gov\/es\/wp-json\/wp\/v2\/pages\/14104\/revisions"}],"wp:attachment":[{"href":"https:\/\/bellevueidaho.gov\/es\/wp-json\/wp\/v2\/media?parent=14104"}],"curies":[{"name":"wp","href":"https:\/\/api.w.org\/{rel}","templated":true}]}}