{"id":14032,"date":"2025-04-01T16:52:32","date_gmt":"2025-04-01T22:52:32","guid":{"rendered":"https:\/\/cityofbell.wpenginepowered.com\/encuestas\/"},"modified":"2025-12-08T09:27:04","modified_gmt":"2025-12-08T16:27:04","slug":"encuestas","status":"publish","type":"page","link":"https:\/\/bellevueidaho.gov\/es\/encuestas\/","title":{"rendered":"Encuestas"},"content":{"rendered":"\t\t<div data-elementor-type=\"wp-page\" data-elementor-id=\"14032\" class=\"elementor elementor-14032 elementor-14030\" data-elementor-post-type=\"page\">\n\t\t\t\t<div class=\"elementor-element elementor-element-7699b55 e-con-full e-flex e-con e-parent\" data-id=\"7699b55\" data-element_type=\"container\" data-e-type=\"container\" data-settings=\"{&quot;background_background&quot;:&quot;classic&quot;}\">\n\t\t\t\t<div class=\"elementor-element elementor-element-f8dcf49 elementor-widget elementor-widget-heading\" data-id=\"f8dcf49\" data-element_type=\"widget\" data-e-type=\"widget\" data-widget_type=\"heading.default\">\n\t\t\t\t<div class=\"elementor-widget-container\">\n\t\t\t\t\t<h1 class=\"elementor-heading-title elementor-size-default\">Encuestas<\/h1>\t\t\t\t<\/div>\n\t\t\t\t<\/div>\n\t\t\t\t<\/div>\n\t\t<div class=\"elementor-element elementor-element-6f8a074 e-flex e-con-boxed e-con e-parent\" data-id=\"6f8a074\" data-element_type=\"container\" data-e-type=\"container\">\n\t\t\t\t\t<div class=\"e-con-inner\">\n\t\t\t\t<div class=\"elementor-element elementor-element-2dfeb5c elementor-widget elementor-widget-text-editor\" data-id=\"2dfeb5c\" data-element_type=\"widget\" data-e-type=\"widget\" data-widget_type=\"text-editor.default\">\n\t\t\t\t<div class=\"elementor-widget-container\">\n\t\t\t\t\t\t\t\t\t<p>En el Ayuntamiento creemos que el gobierno es mejor cuando es receptivo, abierto y representativo. Queremos que nuestros servicios, infraestructuras e instalaciones se adapten a las necesidades de nuestros residentes. Para que podamos entender mejor sus necesidades, le invitamos a participar en las encuestas que se publicar\u00e1n peri\u00f3dicamente aqu\u00ed.  <\/p><p>A continuaci\u00f3n encontrar\u00e1 encuestas sobre grandes proyectos, servicios, iniciativas de planificaci\u00f3n, etc. <span style=\"text-decoration: underline;\"><a href=\"https:\/\/bellevueidaho.gov\/es\/paginas\/formulario-de-comentarios-del-publico\/\">No dude en<\/a><\/span> si hay alguna forma de mejorar nuestro enfoque de las encuestas.<\/p>\t\t\t\t\t\t\t\t<\/div>\n\t\t\t\t<\/div>\n\t\t\t\t\t<\/div>\n\t\t\t\t<\/div>\n\t\t<div class=\"elementor-element elementor-element-87320b7 e-flex e-con-boxed e-con e-parent\" data-id=\"87320b7\" data-element_type=\"container\" data-e-type=\"container\">\n\t\t\t\t\t<div class=\"e-con-inner\">\n\t\t\t\t<div class=\"elementor-element elementor-element-99592af elementor-widget elementor-widget-heading\" data-id=\"99592af\" data-element_type=\"widget\" data-e-type=\"widget\" data-widget_type=\"heading.default\">\n\t\t\t\t<div class=\"elementor-widget-container\">\n\t\t\t\t\t<h2 class=\"elementor-heading-title elementor-size-default\">Encuestas activas<\/h2>\t\t\t\t<\/div>\n\t\t\t\t<\/div>\n\t\t\t\t\t<\/div>\n\t\t\t\t<\/div>\n\t\t<div class=\"elementor-element elementor-element-d424fa9 e-flex e-con-boxed e-con e-parent\" data-id=\"d424fa9\" data-element_type=\"container\" data-e-type=\"container\">\n\t\t\t\t\t<div class=\"e-con-inner\">\n\t\t\t\t\t<\/div>\n\t\t\t\t<\/div>\n\t\t<div class=\"elementor-element elementor-element-34e453e e-flex e-con-boxed e-con e-parent\" data-id=\"34e453e\" data-element_type=\"container\" data-e-type=\"container\">\n\t\t\t\t\t<div class=\"e-con-inner\">\n\t\t<div class=\"elementor-element elementor-element-95bcd88 e-con-full e-flex e-con e-child\" data-id=\"95bcd88\" data-element_type=\"container\" data-e-type=\"container\">\n\t\t\t\t<div class=\"elementor-element elementor-element-af14216 elementor-widget elementor-widget-image\" data-id=\"af14216\" data-element_type=\"widget\" data-e-type=\"widget\" data-widget_type=\"image.default\">\n\t\t\t\t<div class=\"elementor-widget-container\">\n\t\t\t\t\t\t\t\t\t\t\t\t\t\t\t<img fetchpriority=\"high\" decoding=\"async\" width=\"698\" height=\"500\" src=\"https:\/\/bellevueidaho.gov\/wp-content\/uploads\/2025\/12\/Bellevue-Fence-Cropped-698x500.jpg\" class=\"attachment-citygov_classic size-citygov_classic wp-image-17470\" alt=\"\" srcset=\"https:\/\/bellevueidaho.gov\/wp-content\/uploads\/2025\/12\/Bellevue-Fence-Cropped-698x500.jpg 698w, https:\/\/bellevueidaho.gov\/wp-content\/uploads\/2025\/12\/Bellevue-Fence-Cropped-350x250.jpg 350w\" sizes=\"(max-width: 698px) 100vw, 698px\" \/>\t\t\t\t\t\t\t\t\t\t\t\t\t\t\t<\/div>\n\t\t\t\t<\/div>\n\t\t\t\t<\/div>\n\t\t<div class=\"elementor-element elementor-element-c28480c e-con-full e-flex e-con e-child\" data-id=\"c28480c\" data-element_type=\"container\" data-e-type=\"container\">\n\t\t<div class=\"elementor-element elementor-element-f813df5 e-con-full e-flex e-con e-child\" data-id=\"f813df5\" data-element_type=\"container\" data-e-type=\"container\">\n\t\t\t\t<div class=\"elementor-element elementor-element-4b267b9 elementor-widget elementor-widget-heading\" data-id=\"4b267b9\" data-element_type=\"widget\" data-e-type=\"widget\" data-widget_type=\"heading.default\">\n\t\t\t\t<div class=\"elementor-widget-container\">\n\t\t\t\t\t<h2 class=\"elementor-heading-title elementor-size-default\"><a href=\"https:\/\/www.surveymonkey.com\/r\/R89TTDW\" target=\"_blank\"><u>Plan Integral - Encuesta de Oportunidades para Vivir y Trabajar<\/u><\/a><\/h2>\t\t\t\t<\/div>\n\t\t\t\t<\/div>\n\t\t\t\t<\/div>\n\t\t<div class=\"elementor-element elementor-element-fedd358 e-con-full e-flex e-con e-child\" data-id=\"fedd358\" data-element_type=\"container\" data-e-type=\"container\">\n\t\t\t\t<div class=\"elementor-element elementor-element-869773d elementor-widget elementor-widget-text-editor\" data-id=\"869773d\" data-element_type=\"widget\" data-e-type=\"widget\" data-widget_type=\"text-editor.default\">\n\t\t\t\t<div class=\"elementor-widget-container\">\n\t\t\t\t\t\t\t\t\t<p>Queremos aprender de ti sobre c\u00f3mo construir una econom\u00eda local fuerte e independiente y permitir que los trabajadores vivan aqu\u00ed. \u00a1Participa en la encuesta y ay\u00fadanos! <\/p>\t\t\t\t\t\t\t\t<\/div>\n\t\t\t\t<\/div>\n\t\t\t\t<\/div>\n\t\t\t\t<\/div>\n\t\t\t\t\t<\/div>\n\t\t\t\t<\/div>\n\t\t<div class=\"elementor-element elementor-element-c33332c e-flex e-con-boxed e-con e-parent\" data-id=\"c33332c\" data-element_type=\"container\" data-e-type=\"container\">\n\t\t\t\t\t<div class=\"e-con-inner\">\n\t\t<div class=\"elementor-element elementor-element-7617344 e-con-full e-flex e-con e-child\" data-id=\"7617344\" data-element_type=\"container\" data-e-type=\"container\">\n\t\t\t\t<div class=\"elementor-element elementor-element-f216588 elementor-widget elementor-widget-image\" data-id=\"f216588\" data-element_type=\"widget\" data-e-type=\"widget\" data-widget_type=\"image.default\">\n\t\t\t\t<div class=\"elementor-widget-container\">\n\t\t\t\t\t\t\t\t\t\t\t\t\t\t\t<img decoding=\"async\" width=\"698\" height=\"500\" src=\"https:\/\/bellevueidaho.gov\/wp-content\/uploads\/2025\/11\/f3a9d66d-988e-4b0a-878e-afab8b34d6e71-698x500.jpg\" class=\"attachment-citygov_classic size-citygov_classic wp-image-17267\" alt=\"\" srcset=\"https:\/\/bellevueidaho.gov\/wp-content\/uploads\/2025\/11\/f3a9d66d-988e-4b0a-878e-afab8b34d6e71-698x500.jpg 698w, https:\/\/bellevueidaho.gov\/wp-content\/uploads\/2025\/11\/f3a9d66d-988e-4b0a-878e-afab8b34d6e71-350x250.jpg 350w\" sizes=\"(max-width: 698px) 100vw, 698px\" \/>\t\t\t\t\t\t\t\t\t\t\t\t\t\t\t<\/div>\n\t\t\t\t<\/div>\n\t\t\t\t<\/div>\n\t\t<div class=\"elementor-element elementor-element-b78c4e6 e-con-full e-flex e-con e-child\" data-id=\"b78c4e6\" data-element_type=\"container\" data-e-type=\"container\">\n\t\t<div class=\"elementor-element elementor-element-9d0f5bb e-con-full e-flex e-con e-child\" data-id=\"9d0f5bb\" data-element_type=\"container\" data-e-type=\"container\">\n\t\t\t\t<div class=\"elementor-element elementor-element-43d048d elementor-widget elementor-widget-heading\" data-id=\"43d048d\" data-element_type=\"widget\" data-e-type=\"widget\" data-widget_type=\"heading.default\">\n\t\t\t\t<div class=\"elementor-widget-container\">\n\t\t\t\t\t<h2 class=\"elementor-heading-title elementor-size-default\"><a href=\"https:\/\/www.surveymonkey.com\/r\/GCYY9LG\" target=\"_blank\"><u>Plan integral - Estudio de visi\u00f3n<\/a><\/h2>\t\t\t\t<\/div>\n\t\t\t\t<\/div>\n\t\t\t\t<\/div>\n\t\t<div class=\"elementor-element elementor-element-282055e e-con-full e-flex e-con e-child\" data-id=\"282055e\" data-element_type=\"container\" data-e-type=\"container\">\n\t\t\t\t<div class=\"elementor-element elementor-element-32ad30b elementor-widget elementor-widget-text-editor\" data-id=\"32ad30b\" data-element_type=\"widget\" data-e-type=\"widget\" data-widget_type=\"text-editor.default\">\n\t\t\t\t<div class=\"elementor-widget-container\">\n\t\t\t\t\t\t\t\t\t<p>El Comit\u00e9 Asesor Juvenil del Plan Integral de la Ciudad de Bellevue nos ayud\u00f3 a desarrollar la Visi\u00f3n del plan, \u00a1y queremos contar con tu ayuda para perfeccionarla! La Visi\u00f3n representa el objetivo general que las pol\u00edticas y acciones buscar\u00e1n alcanzar. \u00a1Participa en la encuesta y comparte tu opini\u00f3n!  <\/p>\t\t\t\t\t\t\t\t<\/div>\n\t\t\t\t<\/div>\n\t\t\t\t<\/div>\n\t\t\t\t<\/div>\n\t\t\t\t\t<\/div>\n\t\t\t\t<\/div>\n\t\t<div class=\"elementor-element elementor-element-b2d81d7 e-flex e-con-boxed e-con e-parent\" data-id=\"b2d81d7\" data-element_type=\"container\" data-e-type=\"container\">\n\t\t\t\t\t<div class=\"e-con-inner\">\n\t\t\t\t<div class=\"elementor-element elementor-element-f7fc694 elementor-widget elementor-widget-spacer\" data-id=\"f7fc694\" data-element_type=\"widget\" data-e-type=\"widget\" data-widget_type=\"spacer.default\">\n\t\t\t\t<div class=\"elementor-widget-container\">\n\t\t\t\t\t\t\t<div class=\"elementor-spacer\">\n\t\t\t<div class=\"elementor-spacer-inner\"><\/div>\n\t\t<\/div>\n\t\t\t\t\t\t<\/div>\n\t\t\t\t<\/div>\n\t\t\t\t<div class=\"elementor-element elementor-element-6283db2 elementor-widget elementor-widget-heading\" data-id=\"6283db2\" data-element_type=\"widget\" data-e-type=\"widget\" data-widget_type=\"heading.default\">\n\t\t\t\t<div class=\"elementor-widget-container\">\n\t\t\t\t\t<h2 class=\"elementor-heading-title elementor-size-default\">Encuestas inactivas<\/h2>\t\t\t\t<\/div>\n\t\t\t\t<\/div>\n\t\t\t\t\t<\/div>\n\t\t\t\t<\/div>\n\t\t<div class=\"elementor-element elementor-element-3eb7c03 e-flex e-con-boxed e-con e-parent\" data-id=\"3eb7c03\" data-element_type=\"container\" data-e-type=\"container\">\n\t\t\t\t\t<div class=\"e-con-inner\">\n\t\t<div class=\"elementor-element elementor-element-81e1651 e-con-full e-flex e-con e-child\" data-id=\"81e1651\" data-element_type=\"container\" data-e-type=\"container\">\n\t\t\t\t<div class=\"elementor-element elementor-element-7194559 elementor-widget elementor-widget-image\" data-id=\"7194559\" data-element_type=\"widget\" data-e-type=\"widget\" data-widget_type=\"image.default\">\n\t\t\t\t<div class=\"elementor-widget-container\">\n\t\t\t\t\t\t\t\t\t\t\t\t\t\t\t<img decoding=\"async\" width=\"698\" height=\"500\" src=\"https:\/\/bellevueidaho.gov\/wp-content\/uploads\/2025\/09\/park-25-labor-Day-698x500.jpg\" class=\"attachment-citygov_classic size-citygov_classic wp-image-16361\" alt=\"\" srcset=\"https:\/\/bellevueidaho.gov\/wp-content\/uploads\/2025\/09\/park-25-labor-Day-698x500.jpg 698w, https:\/\/bellevueidaho.gov\/wp-content\/uploads\/2025\/09\/park-25-labor-Day-350x250.jpg 350w\" sizes=\"(max-width: 698px) 100vw, 698px\" \/>\t\t\t\t\t\t\t\t\t\t\t\t\t\t\t<\/div>\n\t\t\t\t<\/div>\n\t\t\t\t<\/div>\n\t\t<div class=\"elementor-element elementor-element-3a9e579 e-con-full e-flex e-con e-child\" data-id=\"3a9e579\" data-element_type=\"container\" data-e-type=\"container\">\n\t\t<div class=\"elementor-element elementor-element-8ebcfd8 e-con-full e-flex e-con e-child\" data-id=\"8ebcfd8\" data-element_type=\"container\" data-e-type=\"container\">\n\t\t\t\t<div class=\"elementor-element elementor-element-6fa261b elementor-widget elementor-widget-heading\" data-id=\"6fa261b\" data-element_type=\"widget\" data-e-type=\"widget\" data-widget_type=\"heading.default\">\n\t\t\t\t<div class=\"elementor-widget-container\">\n\t\t\t\t\t<h2 class=\"elementor-heading-title elementor-size-default\"><a href=\"https:\/\/www.surveymonkey.com\/r\/H3F3HSQ\" target=\"_blank\"><u>Plan integral - Encuesta de octubre<\/a><\/h2>\t\t\t\t<\/div>\n\t\t\t\t<\/div>\n\t\t\t\t<\/div>\n\t\t<div class=\"elementor-element elementor-element-79af013 e-con-full e-flex e-con e-child\" data-id=\"79af013\" data-element_type=\"container\" data-e-type=\"container\">\n\t\t\t\t<div class=\"elementor-element elementor-element-1ca5d01 elementor-widget elementor-widget-text-editor\" data-id=\"1ca5d01\" data-element_type=\"widget\" data-e-type=\"widget\" data-widget_type=\"text-editor.default\">\n\t\t\t\t<div class=\"elementor-widget-container\">\n\t\t\t\t\t\t\t\t\t<p>La ciudad de Bellevue prospera cuando su gente prospera. Este mes, queremos conocer la vida social, la demograf\u00eda y el sentido de comunidad de Bellevue. Queremos saber c\u00f3mo te encuentras, si te sientes conectado con la comunidad de Bellevue y qu\u00e9 actividades y espacios sociales disfrutas o necesitas.  <\/p>\t\t\t\t\t\t\t\t<\/div>\n\t\t\t\t<\/div>\n\t\t\t\t<\/div>\n\t\t\t\t<\/div>\n\t\t\t\t\t<\/div>\n\t\t\t\t<\/div>\n\t\t<div class=\"elementor-element elementor-element-2f93ea4 e-flex e-con-boxed e-con e-parent\" data-id=\"2f93ea4\" data-element_type=\"container\" data-e-type=\"container\">\n\t\t\t\t\t<div class=\"e-con-inner\">\n\t\t<div class=\"elementor-element elementor-element-6396a32 e-con-full e-flex e-con e-child\" data-id=\"6396a32\" data-element_type=\"container\" data-e-type=\"container\">\n\t\t\t\t<div class=\"elementor-element elementor-element-278a6ed elementor-widget elementor-widget-image\" data-id=\"278a6ed\" data-element_type=\"widget\" data-e-type=\"widget\" data-widget_type=\"image.default\">\n\t\t\t\t<div class=\"elementor-widget-container\">\n\t\t\t\t\t\t\t\t\t\t\t\t\t\t\t<img loading=\"lazy\" decoding=\"async\" width=\"698\" height=\"500\" src=\"https:\/\/bellevueidaho.gov\/wp-content\/uploads\/2025\/09\/Main-Street-OddfellowsLarso-1-698x500.jpg\" class=\"attachment-citygov_classic size-citygov_classic wp-image-16322\" alt=\"\" srcset=\"https:\/\/bellevueidaho.gov\/wp-content\/uploads\/2025\/09\/Main-Street-OddfellowsLarso-1-698x500.jpg 698w, https:\/\/bellevueidaho.gov\/wp-content\/uploads\/2025\/09\/Main-Street-OddfellowsLarso-1-350x250.jpg 350w\" sizes=\"(max-width: 698px) 100vw, 698px\" \/>\t\t\t\t\t\t\t\t\t\t\t\t\t\t\t<\/div>\n\t\t\t\t<\/div>\n\t\t\t\t<\/div>\n\t\t<div class=\"elementor-element elementor-element-d556692 e-con-full e-flex e-con e-child\" data-id=\"d556692\" data-element_type=\"container\" data-e-type=\"container\">\n\t\t<div class=\"elementor-element elementor-element-51085f4 e-con-full e-flex e-con e-child\" data-id=\"51085f4\" data-element_type=\"container\" data-e-type=\"container\">\n\t\t\t\t<div class=\"elementor-element elementor-element-0c8a0f1 elementor-widget elementor-widget-heading\" data-id=\"0c8a0f1\" data-element_type=\"widget\" data-e-type=\"widget\" data-widget_type=\"heading.default\">\n\t\t\t\t<div class=\"elementor-widget-container\">\n\t\t\t\t\t<h2 class=\"elementor-heading-title elementor-size-default\"><a href=\"https:\/\/www.surveymonkey.com\/r\/2LBFP6F\" target=\"_blank\"><u>Plan integral - Encuesta de septiembre<\/a><\/h2>\t\t\t\t<\/div>\n\t\t\t\t<\/div>\n\t\t\t\t<\/div>\n\t\t<div class=\"elementor-element elementor-element-366bc0d e-con-full e-flex e-con e-child\" data-id=\"366bc0d\" data-element_type=\"container\" data-e-type=\"container\">\n\t\t\t\t<div class=\"elementor-element elementor-element-8d0dc16 elementor-widget elementor-widget-text-editor\" data-id=\"8d0dc16\" data-element_type=\"widget\" data-e-type=\"widget\" data-widget_type=\"text-editor.default\">\n\t\t\t\t<div class=\"elementor-widget-container\">\n\t\t\t\t\t\t\t\t\t<p>Cada mes, el Departamento de Desarrollo de la Comunidad estar\u00e1 preparando una encuesta para ayudarnos a representar mejor a nuestra comunidad en la actualizaci\u00f3n del Plan Integral en curso. Para empezar, este mes esperamos aprender acerca de su experiencia del d\u00eda a d\u00eda con las condiciones existentes de Bellevue. H\u00e1ganos saber c\u00f3mo nuestras instalaciones, infraestructura y servicios interact\u00faan con su medio de vida.    <\/p><p>Gracias por sus comentarios.<\/p>\t\t\t\t\t\t\t\t<\/div>\n\t\t\t\t<\/div>\n\t\t\t\t<\/div>\n\t\t\t\t<\/div>\n\t\t\t\t\t<\/div>\n\t\t\t\t<\/div>\n\t\t<div class=\"elementor-element elementor-element-e9c69c5 e-flex e-con-boxed e-con e-parent\" data-id=\"e9c69c5\" data-element_type=\"container\" data-e-type=\"container\">\n\t\t\t\t\t<div class=\"e-con-inner\">\n\t\t\t\t<div class=\"elementor-element elementor-element-a093b82 elementor-widget elementor-widget-spacer\" data-id=\"a093b82\" data-element_type=\"widget\" data-e-type=\"widget\" data-widget_type=\"spacer.default\">\n\t\t\t\t<div class=\"elementor-widget-container\">\n\t\t\t\t\t\t\t<div class=\"elementor-spacer\">\n\t\t\t<div class=\"elementor-spacer-inner\"><\/div>\n\t\t<\/div>\n\t\t\t\t\t\t<\/div>\n\t\t\t\t<\/div>\n\t\t\t\t<div class=\"elementor-element elementor-element-31da492 elementor-widget elementor-widget-text-editor\" data-id=\"31da492\" data-element_type=\"widget\" data-e-type=\"widget\" data-widget_type=\"text-editor.default\">\n\t\t\t\t<div class=\"elementor-widget-container\">\n\t\t\t\t\t\t\t\t\t<p><strong>Sus experiencias y comentarios son valiosos para la ciudad de Bellevue. Gracias por participar activamente en nuestro proceso de toma de decisiones.  <\/strong><\/p>\t\t\t\t\t\t\t\t<\/div>\n\t\t\t\t<\/div>\n\t\t\t\t<div class=\"elementor-element elementor-element-77c58fd elementor-widget elementor-widget-spacer\" data-id=\"77c58fd\" data-element_type=\"widget\" data-e-type=\"widget\" data-widget_type=\"spacer.default\">\n\t\t\t\t<div class=\"elementor-widget-container\">\n\t\t\t\t\t\t\t<div class=\"elementor-spacer\">\n\t\t\t<div class=\"elementor-spacer-inner\"><\/div>\n\t\t<\/div>\n\t\t\t\t\t\t<\/div>\n\t\t\t\t<\/div>\n\t\t\t\t\t<\/div>\n\t\t\t\t<\/div>\n\t\t\t\t<\/div>\n\t\t","protected":false},"excerpt":{"rendered":"<p>Encuestas En el Ayuntamiento creemos que el gobierno es mejor cuando es receptivo, abierto y representativo. Queremos que nuestros servicios, infraestructuras e instalaciones se adapten a las necesidades de nuestros &hellip;<\/p>\n","protected":false},"author":3,"featured_media":0,"parent":0,"menu_order":0,"comment_status":"closed","ping_status":"closed","template":"elementor_header_footer","meta":{"_acf_changed":false,"footnotes":""},"class_list":["post-14032","page","type-page","status-publish","hentry"],"acf":[],"_links":{"self":[{"href":"https:\/\/bellevueidaho.gov\/es\/wp-json\/wp\/v2\/pages\/14032","targetHints":{"allow":["GET"]}}],"collection":[{"href":"https:\/\/bellevueidaho.gov\/es\/wp-json\/wp\/v2\/pages"}],"about":[{"href":"https:\/\/bellevueidaho.gov\/es\/wp-json\/wp\/v2\/types\/page"}],"author":[{"embeddable":true,"href":"https:\/\/bellevueidaho.gov\/es\/wp-json\/wp\/v2\/users\/3"}],"replies":[{"embeddable":true,"href":"https:\/\/bellevueidaho.gov\/es\/wp-json\/wp\/v2\/comments?post=14032"}],"version-history":[{"count":0,"href":"https:\/\/bellevueidaho.gov\/es\/wp-json\/wp\/v2\/pages\/14032\/revisions"}],"wp:attachment":[{"href":"https:\/\/bellevueidaho.gov\/es\/wp-json\/wp\/v2\/media?parent=14032"}],"curies":[{"name":"wp","href":"https:\/\/api.w.org\/{rel}","templated":true}]}}