{"id":12454,"date":"2025-02-26T20:32:47","date_gmt":"2025-02-27T03:32:47","guid":{"rendered":"https:\/\/cityofbell.wpenginepowered.com\/sociedad-historica-de-bellevue\/"},"modified":"2025-06-06T18:20:31","modified_gmt":"2025-06-07T00:20:31","slug":"sociedad-historica-de-bellevue","status":"publish","type":"page","link":"https:\/\/bellevueidaho.gov\/es\/residentes\/sociedad-historica-de-bellevue\/","title":{"rendered":"Sociedad Hist\u00f3rica de Bellevue"},"content":{"rendered":"\t\t<div data-elementor-type=\"wp-page\" data-elementor-id=\"12454\" class=\"elementor elementor-12454 elementor-7718\" data-elementor-post-type=\"page\">\n\t\t\t\t<div class=\"elementor-element elementor-element-60cdfe6 e-con-full e-flex e-con e-parent\" data-id=\"60cdfe6\" data-element_type=\"container\" data-e-type=\"container\" data-settings=\"{&quot;background_background&quot;:&quot;classic&quot;}\">\n\t\t\t\t<div class=\"elementor-element elementor-element-7f5c9ca elementor-widget elementor-widget-heading\" data-id=\"7f5c9ca\" data-element_type=\"widget\" data-e-type=\"widget\" data-widget_type=\"heading.default\">\n\t\t\t\t<div class=\"elementor-widget-container\">\n\t\t\t\t\t<h1 class=\"elementor-heading-title elementor-size-default\">Sociedad Hist\u00f3rica de Bellevue<\/h1>\t\t\t\t<\/div>\n\t\t\t\t<\/div>\n\t\t\t\t<\/div>\n\t\t<div class=\"elementor-element elementor-element-1047f5c e-flex e-con-boxed e-con e-parent\" data-id=\"1047f5c\" data-element_type=\"container\" data-e-type=\"container\">\n\t\t\t\t\t<div class=\"e-con-inner\">\n\t\t<div class=\"elementor-element elementor-element-c7e11b4 e-con-full e-flex e-con e-child\" data-id=\"c7e11b4\" data-element_type=\"container\" data-e-type=\"container\">\n\t\t\t\t<div class=\"elementor-element elementor-element-3673c729 elementor-widget elementor-widget-text-editor\" data-id=\"3673c729\" data-element_type=\"widget\" data-e-type=\"widget\" data-widget_type=\"text-editor.default\">\n\t\t\t\t<div class=\"elementor-widget-container\">\n\t\t\t\t\t\t\t\t\t<p>La Sociedad Hist\u00f3rica de Bellevue es una organizaci\u00f3n sin \u00e1nimo de lucro situada en Bellevue, Idaho. Fundada en 1984, la Sociedad se dedica a preservar la historia de la zona de Bellevue. La Sociedad mantiene un museo y archivos, y trabaja con la comunidad para organizar eventos y programas que ayuden a educar e involucrar al p\u00fablico en la historia local.  <\/p>\t\t\t\t\t\t\t\t<\/div>\n\t\t\t\t<\/div>\n\t\t\t\t<div class=\"elementor-element elementor-element-2ce12c4 elementor-widget elementor-widget-text-editor\" data-id=\"2ce12c4\" data-element_type=\"widget\" data-e-type=\"widget\" data-widget_type=\"text-editor.default\">\n\t\t\t\t<div class=\"elementor-widget-container\">\n\t\t\t\t\t\t\t\t\t<p>El Museo de la Sociedad Hist\u00f3rica de Bellevue se encuentra en pleno centro de la ciudad y alberga una impresionante colecci\u00f3n de artefactos y documentos. El museo presenta exposiciones sobre la historia local, incluida la herencia de los nativos americanos de la zona, la historia del comercio local de pieles y el desarrollo de la zona de Bellevue. El museo tambi\u00e9n organiza diversos actos especiales a lo largo del a\u00f1o, como conferencias, talleres y otros programas educativos.  <\/p>\t\t\t\t\t\t\t\t<\/div>\n\t\t\t\t<\/div>\n\t\t\t\t<div class=\"elementor-element elementor-element-f1a3b5f elementor-widget elementor-widget-text-editor\" data-id=\"f1a3b5f\" data-element_type=\"widget\" data-e-type=\"widget\" data-widget_type=\"text-editor.default\">\n\t\t\t\t<div class=\"elementor-widget-container\">\n\t\t\t\t\t\t\t\t\t<p>Los archivos de la Sociedad contienen gran cantidad de documentos y materiales hist\u00f3ricos, desde fotograf\u00edas y documentos familiares hasta mapas y manuscritos. Los archivos tambi\u00e9n incluyen una variedad de historias orales de los residentes locales, que proporcionan un recurso inestimable para comprender la historia de la zona. <\/p>\t\t\t\t\t\t\t\t<\/div>\n\t\t\t\t<\/div>\n\t\t\t\t<div class=\"elementor-element elementor-element-7a68993 elementor-widget elementor-widget-text-editor\" data-id=\"7a68993\" data-element_type=\"widget\" data-e-type=\"widget\" data-widget_type=\"text-editor.default\">\n\t\t\t\t<div class=\"elementor-widget-container\">\n\t\t\t\t\t\t\t\t\t<div class=\"elementor-element elementor-element-113c3a0 elementor-widget elementor-widget-theme-post-title elementor-page-title elementor-widget-heading\" data-id=\"113c3a0\" data-element_type=\"widget\" data-widget_type=\"theme-post-title.default\"><div class=\"elementor-widget-container\"><h1 class=\"elementor-heading-title elementor-size-default\">Antiguo Ayuntamiento de Bellevue<\/h1><\/div><\/div><div class=\"elementor-element elementor-element-8042d92 elementor-widget elementor-widget-theme-post-content\" data-id=\"8042d92\" data-element_type=\"widget\" data-widget_type=\"theme-post-content.default\"><div class=\"elementor-widget-container\"><p align=\"left\"><strong><span class=\"h5\">Antiguo Ayuntamiento de Bellevue<\/span><\/strong><br><em><span class=\"h7\">Bellevue, Condado de Blaine<\/span><\/em><\/p><div align=\"left\"><ul><li>Subvenciones: 1995, Renovaci\u00f3n de las oficinas del Trust, 1996<\/li><\/ul><\/div><p align=\"left\"><strong>Ubicaci\u00f3n:<\/strong> 206 Main, Bellevue, Idaho 83313<\/p><p align=\"left\">Bellevue fue cartografiada en 1880, cuando contaba con 20 habitantes. Dos a\u00f1os m\u00e1s tarde, la floreciente ciudad minera contaba con 2.000 habitantes. La construcci\u00f3n de la l\u00ednea corta de ferrocarril de Oreg\u00f3n a trav\u00e9s de la ciudad en 1882 aument\u00f3 su importancia estrat\u00e9gica. En 1883 Bellevue recibi\u00f3 la carta municipal del Territorio de Idaho, que conserva en la actualidad, siendo la \u00faltima ciudad de Idaho en hacerlo. El ayuntamiento original se construy\u00f3 por 240 d\u00f3lares en 1890 para albergar el carro de bomberos manual. La campana de la torre sonaba para anunciar un incendio y, en a\u00f1os posteriores, para anunciar el toque de queda. En la parte trasera se a\u00f1adi\u00f3 una oficina municipal. Durante unos a\u00f1os el Hall alberg\u00f3 las oficinas del Idaho Heritage Trust. En la actualidad, el edificio alberga la Sociedad Hist\u00f3rica de Bellevue. El Ayuntamiento y la C\u00e1rcel son edificios que contribuyen al Distrito Hist\u00f3rico Nacional de Bellevue.         <\/p><\/div><\/div>\t\t\t\t\t\t\t\t<\/div>\n\t\t\t\t<\/div>\n\t\t\t\t<\/div>\n\t\t<div class=\"elementor-element elementor-element-1891919 e-con-full e-flex e-con e-child\" data-id=\"1891919\" data-element_type=\"container\" data-e-type=\"container\">\n\t\t<div class=\"elementor-element elementor-element-191ffd8 e-con-full e-flex e-con e-child\" data-id=\"191ffd8\" data-element_type=\"container\" data-e-type=\"container\">\n\t\t\t\t<div class=\"elementor-element elementor-element-848baf7 elementor-widget elementor-widget-heading\" data-id=\"848baf7\" data-element_type=\"widget\" data-e-type=\"widget\" data-widget_type=\"heading.default\">\n\t\t\t\t<div class=\"elementor-widget-container\">\n\t\t\t\t\t<h2 class=\"elementor-heading-title elementor-size-default\">Acerca del museo<\/h2>\t\t\t\t<\/div>\n\t\t\t\t<\/div>\n\t\t\t\t<div class=\"elementor-element elementor-element-d7fca23 elementor-widget-divider--view-line elementor-widget elementor-widget-divider\" data-id=\"d7fca23\" data-element_type=\"widget\" data-e-type=\"widget\" data-widget_type=\"divider.default\">\n\t\t\t\t<div class=\"elementor-widget-container\">\n\t\t\t\t\t\t\t<div class=\"elementor-divider\">\n\t\t\t<span class=\"elementor-divider-separator\">\n\t\t\t\t\t\t<\/span>\n\t\t<\/div>\n\t\t\t\t\t\t<\/div>\n\t\t\t\t<\/div>\n\t\t\t\t<\/div>\n\t\t<div class=\"elementor-element elementor-element-c308ab8 e-con-full e-flex e-con e-child\" data-id=\"c308ab8\" data-element_type=\"container\" data-e-type=\"container\">\n\t\t\t\t<div class=\"elementor-element elementor-element-0d1ff8c elementor-widget elementor-widget-text-editor\" data-id=\"0d1ff8c\" data-element_type=\"widget\" data-e-type=\"widget\" data-widget_type=\"text-editor.default\">\n\t\t\t\t<div class=\"elementor-widget-container\">\n\t\t\t\t\t\t\t\t\t<p>El museo organiza diversos actos especiales a lo largo del a\u00f1o, como conferencias, talleres y otros programas educativos.<\/p>\t\t\t\t\t\t\t\t<\/div>\n\t\t\t\t<\/div>\n\t\t\t\t<div class=\"elementor-element elementor-element-fe39bcc elementor-widget elementor-widget-text-editor\" data-id=\"fe39bcc\" data-element_type=\"widget\" data-e-type=\"widget\" data-widget_type=\"text-editor.default\">\n\t\t\t\t<div class=\"elementor-widget-container\">\n\t\t\t\t\t\t\t\t\t<p><strong>Horario de verano*:<\/strong><\/p><p>S\u00e1bado y domingo<\/p><p>12.00 H &#8211; 16.00 H<\/p><p><strong>Ubicaci\u00f3n:<\/strong><\/p><p>206 Main Street, Bellevue, Idaho 83313<\/p><h6><em>*Nuestro horario de verano va desde el fin de semana del D\u00eda de los Ca\u00eddos hasta el D\u00eda del Trabajo.<\/em><\/h6>\t\t\t\t\t\t\t\t<\/div>\n\t\t\t\t<\/div>\n\t\t\t\t<div class=\"elementor-element elementor-element-0746e1a elementor-widget-divider--view-line elementor-widget elementor-widget-divider\" data-id=\"0746e1a\" data-element_type=\"widget\" data-e-type=\"widget\" data-widget_type=\"divider.default\">\n\t\t\t\t<div class=\"elementor-widget-container\">\n\t\t\t\t\t\t\t<div class=\"elementor-divider\">\n\t\t\t<span class=\"elementor-divider-separator\">\n\t\t\t\t\t\t<\/span>\n\t\t<\/div>\n\t\t\t\t\t\t<\/div>\n\t\t\t\t<\/div>\n\t\t\t\t<div class=\"elementor-element elementor-element-6311761 elementor-widget elementor-widget-heading\" data-id=\"6311761\" data-element_type=\"widget\" data-e-type=\"widget\" data-widget_type=\"heading.default\">\n\t\t\t\t<div class=\"elementor-widget-container\">\n\t\t\t\t\t<h2 class=\"elementor-heading-title elementor-size-default\">Antiguo Ayuntamiento de Bellevue<br><h5>Bellevue, Condado de Blaine, Idaho<\/h5><\/h2>\t\t\t\t<\/div>\n\t\t\t\t<\/div>\n\t\t\t\t<div class=\"elementor-element elementor-element-4b40f6b elementor-widget elementor-widget-image\" data-id=\"4b40f6b\" data-element_type=\"widget\" data-e-type=\"widget\" data-widget_type=\"image.default\">\n\t\t\t\t<div class=\"elementor-widget-container\">\n\t\t\t\t\t\t\t\t\t\t\t\t\t\t\t<img fetchpriority=\"high\" decoding=\"async\" width=\"750\" height=\"563\" src=\"https:\/\/bellevueidaho.gov\/wp-content\/uploads\/2025\/02\/bellevue_museum.jpg\" class=\"attachment-large size-large wp-image-7170\" alt=\"\" srcset=\"https:\/\/bellevueidaho.gov\/wp-content\/uploads\/2025\/02\/bellevue_museum.jpg 992w, https:\/\/bellevueidaho.gov\/wp-content\/uploads\/2025\/02\/bellevue_museum-300x225.jpg 300w, https:\/\/bellevueidaho.gov\/wp-content\/uploads\/2025\/02\/bellevue_museum-768x576.jpg 768w\" sizes=\"(max-width: 750px) 100vw, 750px\" \/>\t\t\t\t\t\t\t\t\t\t\t\t\t\t\t<\/div>\n\t\t\t\t<\/div>\n\t\t\t\t<\/div>\n\t\t\t\t<\/div>\n\t\t\t\t\t<\/div>\n\t\t\t\t<\/div>\n\t\t<div class=\"elementor-element elementor-element-3b24eae e-flex e-con-boxed e-con e-parent\" data-id=\"3b24eae\" data-element_type=\"container\" data-e-type=\"container\">\n\t\t\t\t\t<div class=\"e-con-inner\">\n\t\t\t\t\t<\/div>\n\t\t\t\t<\/div>\n\t\t<div class=\"elementor-element elementor-element-13c3c5a e-con-full e-flex e-con e-parent\" data-id=\"13c3c5a\" data-element_type=\"container\" data-e-type=\"container\">\n\t\t<div class=\"elementor-element elementor-element-2d827c5 e-con-full e-flex e-con e-child\" data-id=\"2d827c5\" data-element_type=\"container\" data-e-type=\"container\">\n\t\t\t\t<\/div>\n\t\t<div class=\"elementor-element elementor-element-efdeb5a e-con-full e-flex e-con e-child\" data-id=\"efdeb5a\" data-element_type=\"container\" data-e-type=\"container\">\n\t\t\t\t<\/div>\n\t\t\t\t<\/div>\n\t\t\t\t<\/div>\n\t\t","protected":false},"excerpt":{"rendered":"<p>Sociedad Hist\u00f3rica de Bellevue La Sociedad Hist\u00f3rica de Bellevue es una organizaci\u00f3n sin \u00e1nimo de lucro situada en Bellevue, Idaho. Fundada en 1984, la Sociedad se dedica a preservar la &hellip;<\/p>\n","protected":false},"author":2,"featured_media":7170,"parent":12498,"menu_order":0,"comment_status":"closed","ping_status":"closed","template":"elementor_header_footer","meta":{"_acf_changed":false,"footnotes":""},"class_list":["post-12454","page","type-page","status-publish","has-post-thumbnail","hentry"],"acf":[],"_links":{"self":[{"href":"https:\/\/bellevueidaho.gov\/es\/wp-json\/wp\/v2\/pages\/12454","targetHints":{"allow":["GET"]}}],"collection":[{"href":"https:\/\/bellevueidaho.gov\/es\/wp-json\/wp\/v2\/pages"}],"about":[{"href":"https:\/\/bellevueidaho.gov\/es\/wp-json\/wp\/v2\/types\/page"}],"author":[{"embeddable":true,"href":"https:\/\/bellevueidaho.gov\/es\/wp-json\/wp\/v2\/users\/2"}],"replies":[{"embeddable":true,"href":"https:\/\/bellevueidaho.gov\/es\/wp-json\/wp\/v2\/comments?post=12454"}],"version-history":[{"count":0,"href":"https:\/\/bellevueidaho.gov\/es\/wp-json\/wp\/v2\/pages\/12454\/revisions"}],"up":[{"embeddable":true,"href":"https:\/\/bellevueidaho.gov\/es\/wp-json\/wp\/v2\/pages\/12498"}],"wp:featuredmedia":[{"embeddable":true,"href":"https:\/\/bellevueidaho.gov\/es\/wp-json\/wp\/v2\/media\/7170"}],"wp:attachment":[{"href":"https:\/\/bellevueidaho.gov\/es\/wp-json\/wp\/v2\/media?parent=12454"}],"curies":[{"name":"wp","href":"https:\/\/api.w.org\/{rel}","templated":true}]}}