{"id":12451,"date":"2025-03-01T14:29:58","date_gmt":"2025-03-01T21:29:58","guid":{"rendered":"https:\/\/cityofbell.wpenginepowered.com\/informacion-del-ayuntamiento\/"},"modified":"2025-08-14T16:48:41","modified_gmt":"2025-08-14T22:48:41","slug":"informacion-del-ayuntamiento","status":"publish","type":"page","link":"https:\/\/bellevueidaho.gov\/es\/informacion-del-ayuntamiento\/","title":{"rendered":"Informaci\u00f3n del Ayuntamiento"},"content":{"rendered":"\t\t<div data-elementor-type=\"wp-page\" data-elementor-id=\"12451\" class=\"elementor elementor-12451 elementor-8003\" data-elementor-post-type=\"page\">\n\t\t\t\t<div class=\"elementor-element elementor-element-604076b e-con-full e-flex e-con e-parent\" data-id=\"604076b\" data-element_type=\"container\" data-e-type=\"container\" data-settings=\"{&quot;background_background&quot;:&quot;classic&quot;}\">\n\t\t\t\t<div class=\"elementor-element elementor-element-dd48f45 elementor-widget elementor-widget-heading\" data-id=\"dd48f45\" data-element_type=\"widget\" data-e-type=\"widget\" data-widget_type=\"heading.default\">\n\t\t\t\t<div class=\"elementor-widget-container\">\n\t\t\t\t\t<h1 class=\"elementor-heading-title elementor-size-default\">Informaci\u00f3n del Ayuntamiento<\/h1>\t\t\t\t<\/div>\n\t\t\t\t<\/div>\n\t\t\t\t<div class=\"elementor-element elementor-element-27f24db elementor-widget elementor-widget-text-editor\" data-id=\"27f24db\" data-element_type=\"widget\" data-e-type=\"widget\" data-widget_type=\"text-editor.default\">\n\t\t\t\t<div class=\"elementor-widget-container\">\n\t\t\t\t\t\t\t\t\t<p>Ayuntamiento, empleado municipal, servicio de atenci\u00f3n al cliente<\/p>\t\t\t\t\t\t\t\t<\/div>\n\t\t\t\t<\/div>\n\t\t\t\t<\/div>\n\t\t<div class=\"elementor-element elementor-element-c266fb9 e-con-full e-flex e-con e-parent\" data-id=\"c266fb9\" data-element_type=\"container\" data-e-type=\"container\">\n\t\t<div class=\"elementor-element elementor-element-886e7b6 e-con-full e-flex e-con e-child\" data-id=\"886e7b6\" data-element_type=\"container\" data-e-type=\"container\">\n\t\t\t\t<div class=\"elementor-element elementor-element-f5c111a elementor-widget elementor-widget-google_maps\" data-id=\"f5c111a\" data-element_type=\"widget\" data-e-type=\"widget\" data-widget_type=\"google_maps.default\">\n\t\t\t\t<div class=\"elementor-widget-container\">\n\t\t\t\t\t\t\t<div class=\"elementor-custom-embed\">\n\t\t\t<iframe loading=\"lazy\"\n\t\t\t\t\tsrc=\"https:\/\/maps.google.com\/maps?q=115%20E%20Pine%20Street%20Bellevue%2C%20Idaho&#038;t=m&#038;z=15&#038;output=embed&#038;iwloc=near\"\n\t\t\t\t\ttitle=\"115 E Pine Street Bellevue, Idaho\"\n\t\t\t\t\taria-label=\"115 E Pine Street Bellevue, Idaho\"\n\t\t\t><\/iframe>\n\t\t<\/div>\n\t\t\t\t\t\t<\/div>\n\t\t\t\t<\/div>\n\t\t\t\t<div class=\"elementor-element elementor-element-6331729 elementor-widget elementor-widget-text-editor\" data-id=\"6331729\" data-element_type=\"widget\" data-e-type=\"widget\" data-widget_type=\"text-editor.default\">\n\t\t\t\t<div class=\"elementor-widget-container\">\n\t\t\t\t\t\t\t\t\t<h4>Horario de atenci\u00f3n al p\u00fablico<\/h4><p>La Ciudad de Bellevue est\u00e1 abierta de lunes a jueves de 7:00 a 17:30 horas. La Oficina est\u00e1 cerrada los d\u00edas festivos federales. <\/p><h4>N\u00fameros de tel\u00e9fono<\/h4><ul><li><strong>Ayuntamiento: (208) 788-2128<\/strong><\/li><\/ul><ul><li>Facturaci\u00f3n de servicios p\u00fablicos, licencias comerciales y reservas de parques: Maria: Ext. 1 &#8211;  <ul><li><a class=\"spamspan\" style=\"text-align: var(--text-align);\" href=\"mailto:mpalomera@bellevueidaho.us\">mpalomera@bellevueidaho.us<\/a><\/li><\/ul><\/li><\/ul><ul><li>Tesorero de la ciudad \/ Gerente Financiero, Shelly: Ext. 2<ul><li><a class=\"spamspan\" href=\"mailto:sshoemaker@bellevueidaho.us\">sshoemaker@bellevueidaho.us<\/a><\/li><\/ul><\/li><li>Cuentas a Pagar, Marcy: Ext. 3<ul><li><a class=\"spamspan\" href=\"mailto:mhunt@bellevueidaho.us\">mhunt@bellevueidaho.us<\/a><\/li><\/ul><\/li><li>Secretaria Municipal\/Servicios Administrativos, Amy: Ext. 4<ul><li><a class=\"spamspan\" href=\"mailto:clerk@bellevueidaho.us\">clerk@bellevueidaho.us<\/a><\/li><\/ul><\/li><li>Director de Desarrollo Comunitario (Todos los permisos y solicitudes de planificaci\u00f3n\/zonificaci\u00f3n), Brian, Ext 8<ul><li>bparker@bellevueidaho.us<\/li><\/ul><\/li><li>Biblioteca, Kristin: Ext. 12 |<ul><li><a class=\"spamspan\" href=\"mailto:kgearhart@bellevueidaho.us\">kgearhart@bellevueidaho.us<\/a><\/li><\/ul><\/li><li>Oficina del Alguacil, Alguacil Gaston: Ext. 9 y 10<ul><li><a class=\"spamspan\" href=\"mailto:bmo@bellevueidaho.us\">bmo@bellevueidaho.us<\/a> (Sargento Shelamer, Oficial Thayer y Oficial Rawson)<\/li><\/ul><\/li><li>911 para EMERGENCIAS | (208) 578-3831 para NO EMERGENCIAS<\/li><li>N\u00famero de FAX: (208) 788-2092<\/li><\/ul>\t\t\t\t\t\t\t\t<\/div>\n\t\t\t\t<\/div>\n\t\t\t\t<\/div>\n\t\t<div class=\"elementor-element elementor-element-d2ed573 e-con-full e-flex e-con e-child\" data-id=\"d2ed573\" data-element_type=\"container\" data-e-type=\"container\">\n\t\t\t\t<div class=\"elementor-element elementor-element-497d39c elementor-widget elementor-widget-sidebar\" data-id=\"497d39c\" data-element_type=\"widget\" data-e-type=\"widget\" data-widget_type=\"sidebar.default\">\n\t\t\t\t<div class=\"elementor-widget-container\">\n\t\t\t\t\t<div id=\"custom_html-2\" class=\"widget_text widget clearfix widget_custom_html\"><h3 class=\"widgettitle\">Location &#038; Hours<\/h3><div class=\"textwidget custom-html-widget\"><span style=\"font-weight: 600; font-size: 20px;\">\r\nBellevue City Hall\t\r\n<\/span><br\/>\r\n115 E Pine Street \u2022 Bellevue, ID 83313<br\/>\r\nPhone: (208) 788 2128\r\n<\/div><\/div><div id=\"custom_html-5\" class=\"widget_text widget clearfix widget_custom_html\"><div class=\"textwidget custom-html-widget\"><br\/><\/div><\/div><div id=\"custom_html-3\" class=\"widget_text widget clearfix widget_custom_html\"><div class=\"textwidget custom-html-widget\"><span style=\"font-weight: 600; font-size: 20px;\">\r\nHours of Operation\t\r\n<\/span><br\/>\r\nMonday - Thursday 7AM - 5:30PM<br\/>\r\nPlease view the City Calendar for holiday information.<\/div><\/div>\t\t\t\t<\/div>\n\t\t\t\t<\/div>\n\t\t\t\t<div class=\"elementor-element elementor-element-d565a3d elementor-widget elementor-widget-sidebar\" data-id=\"d565a3d\" data-element_type=\"widget\" data-e-type=\"widget\" data-widget_type=\"sidebar.default\">\n\t\t\t\t<div class=\"elementor-widget-container\">\n\t\t\t\t\t<div id=\"mc4wp_form_widget-3\" class=\"widget clearfix widget_mc4wp_form_widget\"><h3 class=\"widgettitle\">Sign Up for City News<\/h3><script>(function() {\n\twindow.mc4wp = window.mc4wp || {\n\t\tlisteners: [],\n\t\tforms: {\n\t\t\ton: function(evt, cb) {\n\t\t\t\twindow.mc4wp.listeners.push(\n\t\t\t\t\t{\n\t\t\t\t\t\tevent   : evt,\n\t\t\t\t\t\tcallback: cb\n\t\t\t\t\t}\n\t\t\t\t);\n\t\t\t}\n\t\t}\n\t}\n})();\n<\/script><!-- Mailchimp for WordPress v4.12.2 - https:\/\/wordpress.org\/plugins\/mailchimp-for-wp\/ --><form id=\"mc4wp-form-1\" class=\"mc4wp-form mc4wp-form-12264\" method=\"post\" data-id=\"12264\" data-name=\"CityNews\" ><div class=\"mc4wp-form-fields\"><label for=\"email\">Direcci\u00f3n de correo electr\u00f3nico:  \n  <\/label>\n\t\t<input style=\"margin-top: 5px;\" type=\"email\" id=\"email\" name=\"EMAIL\" placeholder=\"Su direcci\u00f3n de correo electr\u00f3nico\" required=\"\">\n\n<input type=\"submit\" value=\"Suscr\u00edbase a\" style=\"background-color: #f65219;\" class=\"elementor-button\">\n<\/div><label style=\"display: none !important;\">Deja vac\u00edo este campo si eres humano: <input type=\"text\" name=\"_mc4wp_honeypot\" value=\"\" tabindex=\"-1\" autocomplete=\"off\" \/><\/label><input type=\"hidden\" name=\"_mc4wp_timestamp\" value=\"1777642996\" \/><input type=\"hidden\" name=\"_mc4wp_form_id\" value=\"12264\" \/><input type=\"hidden\" name=\"_mc4wp_form_element_id\" value=\"mc4wp-form-1\" \/><div class=\"mc4wp-response\"><\/div><\/form><!-- \/ Mailchimp for WordPress Plugin --><\/div><div id=\"custom_html-6\" class=\"widget_text widget clearfix widget_custom_html\"><h3 class=\"widgettitle\">CityNews Newsletters<\/h3><div class=\"textwidget custom-html-widget\"><style type=\"text\/css\">\r\n            .display_archive {font-family: poppins,verdana; font-size: 16px;text-decoration: underline;;}\r\n          .campaign {line-height: 175%; margin: 5px;}\r\n          <\/style>\r\n          <script\r\n            language=\"javascript\"\r\n            src=\"https:\/\/bellevueidaho.us8.list-manage.com\/generate-js\/?u=1b5e32a0b2a3c2ef0ace4996c&show=10&fid=6370\"\r\n            type=\"text\/javascript\"\r\n          ><\/script><\/div><\/div>\t\t\t\t<\/div>\n\t\t\t\t<\/div>\n\t\t\t\t<\/div>\n\t\t\t\t<\/div>\n\t\t<div class=\"elementor-element elementor-element-5a2ebf8 e-flex e-con-boxed e-con e-parent\" data-id=\"5a2ebf8\" data-element_type=\"container\" data-e-type=\"container\">\n\t\t\t\t\t<div class=\"e-con-inner\">\n\t\t\t\t\t<\/div>\n\t\t\t\t<\/div>\n\t\t\t\t<\/div>\n\t\t","protected":false},"excerpt":{"rendered":"<p>Informaci\u00f3n del Ayuntamiento Ayuntamiento, empleado municipal, servicio de atenci\u00f3n al cliente Horario de atenci\u00f3n al p\u00fablico La Ciudad de Bellevue est\u00e1 abierta de lunes a jueves de 7:00 a 17:30 &hellip;<\/p>\n","protected":false},"author":2,"featured_media":0,"parent":0,"menu_order":0,"comment_status":"closed","ping_status":"closed","template":"elementor_header_footer","meta":{"_acf_changed":false,"footnotes":""},"class_list":["post-12451","page","type-page","status-publish","hentry"],"acf":[],"_links":{"self":[{"href":"https:\/\/bellevueidaho.gov\/es\/wp-json\/wp\/v2\/pages\/12451","targetHints":{"allow":["GET"]}}],"collection":[{"href":"https:\/\/bellevueidaho.gov\/es\/wp-json\/wp\/v2\/pages"}],"about":[{"href":"https:\/\/bellevueidaho.gov\/es\/wp-json\/wp\/v2\/types\/page"}],"author":[{"embeddable":true,"href":"https:\/\/bellevueidaho.gov\/es\/wp-json\/wp\/v2\/users\/2"}],"replies":[{"embeddable":true,"href":"https:\/\/bellevueidaho.gov\/es\/wp-json\/wp\/v2\/comments?post=12451"}],"version-history":[{"count":0,"href":"https:\/\/bellevueidaho.gov\/es\/wp-json\/wp\/v2\/pages\/12451\/revisions"}],"wp:attachment":[{"href":"https:\/\/bellevueidaho.gov\/es\/wp-json\/wp\/v2\/media?parent=12451"}],"curies":[{"name":"wp","href":"https:\/\/api.w.org\/{rel}","templated":true}]}}