{"id":12435,"date":"2025-03-02T10:33:49","date_gmt":"2025-03-02T17:33:49","guid":{"rendered":"https:\/\/cityofbell.wpenginepowered.com\/preparacion-para-emergencias\/"},"modified":"2025-03-20T11:10:10","modified_gmt":"2025-03-20T17:10:10","slug":"preparacion-para-emergencias","status":"publish","type":"page","link":"https:\/\/bellevueidaho.gov\/es\/preparacion-para-emergencias\/","title":{"rendered":"Preparaci\u00f3n para emergencias"},"content":{"rendered":"<div id=\"block-municode-theme-page-title\" class=\"block block-core block-page-title-block\">\n<div class=\"block__content\">\n<h1 class=\"page-title\"><span class=\"field field--name-title field--type-string field--label-hidden\">Preparaci\u00f3n para emergencias<\/span><\/h1>\n<\/div>\n<\/div>\n<div id=\"block-municode-theme-content\" class=\"block block-system block-system-main-block\">\n<div class=\"block__content\">\n<article class=\"node node--type-microsite node--view-mode-full node-microsite\" data-history-node-id=\"81\">\n<div class=\"node__content\">\n<div class=\"node-page__body-image-wrapper left\">\n<div class=\"clearfix text-formatted field field--name-body field--type-text-with-summary field--label-hidden field__item\">\n<hr>\n<p><strong>En caso de emergencia, la ciudad de Bellevue publicar\u00e1 notificaciones y actualizaciones de eventos en esta secci\u00f3n del sitio web.<\/strong><\/p>\n<h4>\u00bfTienes un kit de supervivencia?<\/h4>\n<p>Estar preparado para emergencias o cat\u00e1strofes es extremadamente importante. Necesitas tener contigo art\u00edculos esenciales para hacer frente a situaciones de desastre. \u00c9stas son las cinco cosas m\u00e1s importantes que hay que tener en cuenta a la hora de preparar un kit de supervivencia:  <\/p>\n<ol>\n<li><strong>Disponibilidad de agua<\/strong>\n<ul>\n<li>Una persona necesita 1 gal\u00f3n de agua al d\u00eda para sobrevivir y usted debe estar lo suficientemente preparado como para disponer de un suministro para dos semanas en su hogar y una reserva para al menos 3 d\u00edas en caso de evacuaci\u00f3n.<\/li>\n<\/ul>\n<\/li>\n<li><strong>Disponibilidad de alimentos<\/strong>\n<ul>\n<li>Se recomienda comprar art\u00edculos de reserva adicionales cada vez que vaya a hacer la compra para reservarlos para una emergencia. deber\u00eda tener reservas de alimentos para 2 semanas. <\/li>\n<\/ul>\n<\/li>\n<li><strong>Equipo de emergencia<\/strong>\n<ul>\n<li>Todo el mundo necesita tener algunos art\u00edculos esenciales como un botiqu\u00edn de primeros auxilios y medicinas para al menos una semana. Junto con el equipo m\u00e9dico, se recomienda tener herramientas de saneamiento, ropa de abrigo, luces y linternas LED, bateadores y herramientas de autodefensa. <\/li>\n<\/ul>\n<\/li>\n<\/ol>\n<\/div>\n<\/div>\n<\/div>\n<\/article>\n<\/div>\n<\/div>\n","protected":false},"excerpt":{"rendered":"<p>Preparaci\u00f3n para emergencias En caso de emergencia, la ciudad de Bellevue publicar\u00e1 notificaciones y actualizaciones de eventos en esta secci\u00f3n del sitio web. \u00bfTienes un kit de supervivencia? Estar preparado &hellip;<\/p>\n","protected":false},"author":2,"featured_media":0,"parent":0,"menu_order":0,"comment_status":"closed","ping_status":"closed","template":"","meta":{"_acf_changed":false,"footnotes":""},"class_list":["post-12435","page","type-page","status-publish","hentry"],"acf":[],"_links":{"self":[{"href":"https:\/\/bellevueidaho.gov\/es\/wp-json\/wp\/v2\/pages\/12435","targetHints":{"allow":["GET"]}}],"collection":[{"href":"https:\/\/bellevueidaho.gov\/es\/wp-json\/wp\/v2\/pages"}],"about":[{"href":"https:\/\/bellevueidaho.gov\/es\/wp-json\/wp\/v2\/types\/page"}],"author":[{"embeddable":true,"href":"https:\/\/bellevueidaho.gov\/es\/wp-json\/wp\/v2\/users\/2"}],"replies":[{"embeddable":true,"href":"https:\/\/bellevueidaho.gov\/es\/wp-json\/wp\/v2\/comments?post=12435"}],"version-history":[{"count":0,"href":"https:\/\/bellevueidaho.gov\/es\/wp-json\/wp\/v2\/pages\/12435\/revisions"}],"wp:attachment":[{"href":"https:\/\/bellevueidaho.gov\/es\/wp-json\/wp\/v2\/media?parent=12435"}],"curies":[{"name":"wp","href":"https:\/\/api.w.org\/{rel}","templated":true}]}}