{"id":12424,"date":"2025-03-10T14:52:09","date_gmt":"2025-03-10T20:52:09","guid":{"rendered":"https:\/\/cityofbell.wpenginepowered.com\/servicios-comunitarios\/"},"modified":"2025-03-11T10:46:29","modified_gmt":"2025-03-11T16:46:29","slug":"servicios-comunitarios","status":"publish","type":"page","link":"https:\/\/bellevueidaho.gov\/es\/servicios-comunitarios\/","title":{"rendered":"Servicios comunitarios"},"content":{"rendered":"\t\t<div data-elementor-type=\"wp-page\" data-elementor-id=\"12424\" class=\"elementor elementor-12424 elementor-11748\" data-elementor-post-type=\"page\">\n\t\t\t\t<div class=\"elementor-element elementor-element-0977675 e-con-full e-flex e-con e-parent\" data-id=\"0977675\" data-element_type=\"container\" data-e-type=\"container\" data-settings=\"{&quot;background_background&quot;:&quot;classic&quot;}\">\n\t\t\t\t<div class=\"elementor-element elementor-element-2765807 elementor-widget elementor-widget-heading\" data-id=\"2765807\" data-element_type=\"widget\" data-e-type=\"widget\" data-widget_type=\"heading.default\">\n\t\t\t\t<div class=\"elementor-widget-container\">\n\t\t\t\t\t<h1 class=\"elementor-heading-title elementor-size-default\">Servicios comunitarios<\/h1>\t\t\t\t<\/div>\n\t\t\t\t<\/div>\n\t\t\t\t<\/div>\n\t\t<div class=\"elementor-element elementor-element-e4c1c65 e-con-full e-flex e-con e-parent\" data-id=\"e4c1c65\" data-element_type=\"container\" data-e-type=\"container\">\n\t\t<div class=\"elementor-element elementor-element-829b81a e-con-full e-flex e-con e-child\" data-id=\"829b81a\" data-element_type=\"container\" data-e-type=\"container\">\n\t\t\t\t<div class=\"elementor-element elementor-element-9204a80 elementor-widget elementor-widget-text-editor\" data-id=\"9204a80\" data-element_type=\"widget\" data-e-type=\"widget\" data-widget_type=\"text-editor.default\">\n\t\t\t\t<div class=\"elementor-widget-container\">\n\t\t\t\t\t\t\t\t\t<h2>Nuestra misi\u00f3n:<\/h2><p>El departamento de Servicios a la Comunidad incluye el Bellevue CityNews y la p\u00e1gina web como parte de su misi\u00f3n de promover la participaci\u00f3n de los residentes y la supervisi\u00f3n de la gobernanza de la Ciudad a trav\u00e9s de comunicaciones oportunas e informativas.<\/p>\t\t\t\t\t\t\t\t<\/div>\n\t\t\t\t<\/div>\n\t\t\t\t<div class=\"elementor-element elementor-element-03fd0cc elementor-widget elementor-widget-heading\" data-id=\"03fd0cc\" data-element_type=\"widget\" data-e-type=\"widget\" data-widget_type=\"heading.default\">\n\t\t\t\t<div class=\"elementor-widget-container\">\n\t\t\t\t\t<h2 class=\"elementor-heading-title elementor-size-default\">Desde Tech Corner<\/h2>\t\t\t\t<\/div>\n\t\t\t\t<\/div>\n\t\t\t\t<div class=\"elementor-element elementor-element-4cb8ca6 elementor-widget-divider--view-line elementor-widget elementor-widget-divider\" data-id=\"4cb8ca6\" data-element_type=\"widget\" data-e-type=\"widget\" data-widget_type=\"divider.default\">\n\t\t\t\t<div class=\"elementor-widget-container\">\n\t\t\t\t\t\t\t<div class=\"elementor-divider\">\n\t\t\t<span class=\"elementor-divider-separator\">\n\t\t\t\t\t\t<\/span>\n\t\t<\/div>\n\t\t\t\t\t\t<\/div>\n\t\t\t\t<\/div>\n\t\t\t\t<div class=\"elementor-element elementor-element-d8241dc elementor-widget elementor-widget-heading\" data-id=\"d8241dc\" data-element_type=\"widget\" data-e-type=\"widget\" data-widget_type=\"heading.default\">\n\t\t\t\t<div class=\"elementor-widget-container\">\n\t\t\t\t\t<h2 class=\"elementor-heading-title elementor-size-default\">Nuestros proyectos<\/h2>\t\t\t\t<\/div>\n\t\t\t\t<\/div>\n\t\t\t\t<div class=\"elementor-element elementor-element-b98f3e2 elementor-widget elementor-widget-shortcode\" data-id=\"b98f3e2\" data-element_type=\"widget\" data-e-type=\"widget\" data-widget_type=\"shortcode.default\">\n\t\t\t\t<div class=\"elementor-widget-container\">\n\t\t\t\t\t\t\t<div class=\"elementor-shortcode\"><table id=\"dlp_7349cf5a0ed75d35_1\" class=\"posts-data-table\" width=\"100%\" data-config=\"{&quot;pageLength&quot;:25,&quot;pagingType&quot;:&quot;numbers&quot;,&quot;serverSide&quot;:false,&quot;autoWidth&quot;:true,&quot;clickFilter&quot;:&quot;&quot;,&quot;stickyHeader&quot;:false,&quot;scrollOffset&quot;:15,&quot;resetButton&quot;:false,&quot;numOrder&quot;:false,&quot;lengthMenu&quot;:[[10,25,50,100,-1],[10,25,50,100,&quot;All&quot;]],&quot;columnDefs&quot;:[{&quot;className&quot;:&quot;col-title&quot;,&quot;targets&quot;:0,&quot;type&quot;:&quot;html&quot;},{&quot;className&quot;:&quot;col-link&quot;,&quot;targets&quot;:1,&quot;type&quot;:&quot;html&quot;}],&quot;responsive&quot;:{&quot;details&quot;:{&quot;display&quot;:&quot;child_row&quot;}},&quot;language&quot;:{&quot;info&quot;:&quot;_TOTAL_ documents&quot;,&quot;infoEmpty&quot;:&quot;0 documents&quot;,&quot;emptyTable&quot;:&quot;No matching documents.&quot;,&quot;zeroRecords&quot;:&quot;No matching documents.&quot;,&quot;totalsSingle&quot;:&quot;document&quot;,&quot;totalsPlural&quot;:&quot;documents&quot;},&quot;dom&quot;:&quot;&lt;\\&quot;posts-table-wrapper citygov\\&quot;&lt;\\&quot;posts-table-above posts-table-controls\\&quot;f&gt;t&lt;\\&quot;posts-table-below posts-table-controls\\&quot;lip&gt;&gt;&quot;,&quot;multiDownloadButton&quot;:false,&quot;multiDownloadPosition&quot;:&quot;above&quot;,&quot;multiDownloadText&quot;:&quot;Download Selected Documents&quot;}\" data-filters=\"false\" data-order=\"[]\"><thead><tr><th class=\"all\" data-name=\"title\" data-orderable=\"true\" data-searchable=\"true\" data-priority=\"1\">Nombre del documento<\/th><th data-name=\"link\" data-orderable=\"false\" data-searchable=\"false\" data-priority=\"10\">Descargar\/Ver<\/th><\/tr><\/thead><tbody><tr id=\"post-row-13667\" class=\"post-row post-type-dlp_document dlp_document-13667 publish\"><td>Plan Integral de la Ciudad de Bellevue<\/td><td><div class=\"dlp-table-document-link-wrap\"><a href=\"https:\/\/bellevueidaho.gov\/es\/document\/plan-integral-de-la-ciudad-de-bellevue\/\" class=\"dlp-download-link dlp-download-button document-library-pro-button button btn\" data-download-id=\"13667\" target=\"_blank\" ><div class=\"dlp-icon download dlp-button-icon dlp-button-icon-text\"><svg xmlns=\"http:\/\/www.w3.org\/2000\/svg\" viewBox=\"0 0 512 512\" aria-label=\"Download\"><path fill=\"currentColor\" d=\"M216 0h80c13.3 0 24 10.7 24 24v168h87.7c17.8 0 26.7 21.5 14.1 34.1L269.7 378.3c-7.5 7.5-19.8 7.5-27.3 0L90.1 226.1c-12.6-12.6-3.7-34.1 14.1-34.1H192V24c0-13.3 10.7-24 24-24zm296 376v112c0 13.3-10.7 24-24 24H24c-13.3 0-24-10.7-24-24V376c0-13.3 10.7-24 24-24h146.7l49 49c20.1 20.1 52.5 20.1 72.6 0l49-49H488c13.3 0 24 10.7 24 24zm-124 88c0-11-9-20-20-20s-20 9-20 20 9 20 20 20 20-9 20-20zm64 0c0-11-9-20-20-20s-20 9-20 20 9 20 20 20 20-9 20-20z\"><\/path><\/svg><\/div>Download<\/a><\/div><\/td><\/tr><tr id=\"post-row-13528\" class=\"post-row post-type-dlp_document dlp_document-13528 publish\"><td>Mapa de zonificaci\u00f3n de la ciudad de Bellevue<\/td><td><div class=\"dlp-table-document-link-wrap\"><a href=\"https:\/\/bellevueidaho.gov\/es\/document\/mapa-de-zonificacion-de-la-ciudad-de-bellevue\/\" class=\"dlp-download-link dlp-download-button document-library-pro-button button btn\" data-download-id=\"13528\" target=\"_blank\" ><div class=\"dlp-icon download dlp-button-icon dlp-button-icon-text\"><svg xmlns=\"http:\/\/www.w3.org\/2000\/svg\" viewBox=\"0 0 512 512\" aria-label=\"Download\"><path fill=\"currentColor\" d=\"M216 0h80c13.3 0 24 10.7 24 24v168h87.7c17.8 0 26.7 21.5 14.1 34.1L269.7 378.3c-7.5 7.5-19.8 7.5-27.3 0L90.1 226.1c-12.6-12.6-3.7-34.1 14.1-34.1H192V24c0-13.3 10.7-24 24-24zm296 376v112c0 13.3-10.7 24-24 24H24c-13.3 0-24-10.7-24-24V376c0-13.3 10.7-24 24-24h146.7l49 49c20.1 20.1 52.5 20.1 72.6 0l49-49H488c13.3 0 24 10.7 24 24zm-124 88c0-11-9-20-20-20s-20 9-20 20 9 20 20 20 20-9 20-20zm64 0c0-11-9-20-20-20s-20 9-20 20 9 20 20 20 20-9 20-20z\"><\/path><\/svg><\/div>Download<\/a><\/div><\/td><\/tr><tr id=\"post-row-13511\" class=\"post-row post-type-dlp_document dlp_document-13511 publish\"><td>Proyecto de p\u00e1gina web de Bellevue &#8211; Presupuesto inicial 2025<\/td><td><div class=\"dlp-table-document-link-wrap\"><a href=\"https:\/\/bellevueidaho.gov\/es\/document\/proyecto-de-pagina-web-de-bellevue-presupuesto-inicial-2025\/\" class=\"dlp-download-link dlp-download-button document-library-pro-button button btn\" data-download-id=\"13511\" target=\"_blank\" ><div class=\"dlp-icon download dlp-button-icon dlp-button-icon-text\"><svg xmlns=\"http:\/\/www.w3.org\/2000\/svg\" viewBox=\"0 0 512 512\" aria-label=\"Download\"><path fill=\"currentColor\" d=\"M216 0h80c13.3 0 24 10.7 24 24v168h87.7c17.8 0 26.7 21.5 14.1 34.1L269.7 378.3c-7.5 7.5-19.8 7.5-27.3 0L90.1 226.1c-12.6-12.6-3.7-34.1 14.1-34.1H192V24c0-13.3 10.7-24 24-24zm296 376v112c0 13.3-10.7 24-24 24H24c-13.3 0-24-10.7-24-24V376c0-13.3 10.7-24 24-24h146.7l49 49c20.1 20.1 52.5 20.1 72.6 0l49-49H488c13.3 0 24 10.7 24 24zm-124 88c0-11-9-20-20-20s-20 9-20 20 9 20 20 20 20-9 20-20zm64 0c0-11-9-20-20-20s-20 9-20 20 9 20 20 20 20-9 20-20z\"><\/path><\/svg><\/div>Download<\/a><\/div><\/td><\/tr><tr id=\"post-row-13091\" class=\"post-row post-type-dlp_document dlp_document-13091 publish\"><td>Documento del proyecto del sitio web de Bellevue Q1 2025<\/td><td><div class=\"dlp-table-document-link-wrap\"><a href=\"https:\/\/bellevueidaho.gov\/es\/document\/documento-del-proyecto-del-sitio-web-de-bellevue-q1-2025\/\" class=\"dlp-download-link dlp-download-button document-library-pro-button button btn\" data-download-id=\"13091\" target=\"_blank\" ><div class=\"dlp-icon download dlp-button-icon dlp-button-icon-text\"><svg xmlns=\"http:\/\/www.w3.org\/2000\/svg\" viewBox=\"0 0 512 512\" aria-label=\"Download\"><path fill=\"currentColor\" d=\"M216 0h80c13.3 0 24 10.7 24 24v168h87.7c17.8 0 26.7 21.5 14.1 34.1L269.7 378.3c-7.5 7.5-19.8 7.5-27.3 0L90.1 226.1c-12.6-12.6-3.7-34.1 14.1-34.1H192V24c0-13.3 10.7-24 24-24zm296 376v112c0 13.3-10.7 24-24 24H24c-13.3 0-24-10.7-24-24V376c0-13.3 10.7-24 24-24h146.7l49 49c20.1 20.1 52.5 20.1 72.6 0l49-49H488c13.3 0 24 10.7 24 24zm-124 88c0-11-9-20-20-20s-20 9-20 20 9 20 20 20 20-9 20-20zm64 0c0-11-9-20-20-20s-20 9-20 20 9 20 20 20 20-9 20-20z\"><\/path><\/svg><\/div>Download<\/a><\/div><\/td><\/tr><\/tbody><\/table><\/div>\n\t\t\t\t\t\t<\/div>\n\t\t\t\t<\/div>\n\t\t\t\t<\/div>\n\t\t<div class=\"elementor-element elementor-element-cc7fbd5 e-con-full e-flex e-con e-child\" data-id=\"cc7fbd5\" data-element_type=\"container\" data-e-type=\"container\">\n\t\t\t\t<div class=\"elementor-element elementor-element-15f393e9 elementor-widget elementor-widget-text-editor\" data-id=\"15f393e9\" data-element_type=\"widget\" data-e-type=\"widget\" data-widget_type=\"text-editor.default\">\n\t\t\t\t<div class=\"elementor-widget-container\">\n\t\t\t\t\t\t\t\t\t<div id=\"block-municode-theme-page-title\" class=\"block block-core block-page-title-block\"><div class=\"block__content\"><div id=\"block-municode-theme-page-title\" class=\"block block-core block-page-title-block\"><div class=\"block__content\"><h1 class=\"page-title\"><span class=\"field field--name-title field--type-string field--label-hidden\">Servicios comunitarios<\/span><\/h1><\/div><\/div><div id=\"block-municode-theme-content\" class=\"block block-system block-system-main-block\"><div class=\"block__content\"><article class=\"node node--type-microsite node--view-mode-full node-microsite\" data-history-node-id=\"461\"><div class=\"node__content\"><div class=\"node-page__body-image-wrapper right\"><div><div class=\"field__item\"><p class=\"address\" translate=\"no\"><span style=\"color: #222222; font-family: Poppins; font-size: 17px; font-weight: bold;\">Director de Servicios Comunitarios<\/span><\/p><\/div><\/div><\/div><div class=\"field field--name-field-sections field--type-entity-reference-revisions field--label-hidden field__items\"><div class=\"field__item\"><div class=\"paragraph paragraph--type--embedded-directory-listings paragraph--view-mode--default none\"><div><div class=\"contact-info contact-info--body-standard\"><div class=\"contact-info__content\"><div class=\"view view-embed-directory-listings view-id-embed_directory_listings view-display-id-table_standard\"><div class=\"view-content\"><div class=\"views-row\"><div class=\"node node--type-directory-listing node__directory-listings-body-standard directory-listing body-standard\" data-history-node-id=\"471\"><div class=\"body-standard__col\"><a class=\"body-standard__link\" href=\"https:\/\/www.bellevueidaho.us\/bellevue-public-library\/directory-listing\/kristin-gearhart\">Kristin Gearhart<\/a><\/div><div class=\"body-standard__col\">(208) 788-4503<\/div><\/div><div><div class=\"field field--name-field-email field--type-email field--label-above\"><div class=\"field__label\">communityservices@bellevueidaho.us<\/div><div> <\/div><\/div><div class=\"clearfix text-formatted field field--name-field-hours field--type-text-with-summary field--label-above\"><div class=\"field__item\"> <\/div><\/div><\/div><\/div><\/div><\/div><\/div><\/div><\/div><\/div><\/div><\/div><\/div><\/article><\/div><\/div><\/div><\/div>\t\t\t\t\t\t\t\t<\/div>\n\t\t\t\t<\/div>\n\t\t\t\t<\/div>\n\t\t\t\t<\/div>\n\t\t\t\t<\/div>\n\t\t","protected":false},"excerpt":{"rendered":"<p>Servicios comunitarios Nuestra misi\u00f3n: El departamento de Servicios a la Comunidad incluye el Bellevue CityNews y la p\u00e1gina web como parte de su misi\u00f3n de promover la participaci\u00f3n de los &hellip;<\/p>\n","protected":false},"author":2,"featured_media":0,"parent":0,"menu_order":0,"comment_status":"closed","ping_status":"closed","template":"elementor_header_footer","meta":{"_acf_changed":false,"footnotes":""},"class_list":["post-12424","page","type-page","status-publish","hentry"],"acf":[],"_links":{"self":[{"href":"https:\/\/bellevueidaho.gov\/es\/wp-json\/wp\/v2\/pages\/12424","targetHints":{"allow":["GET"]}}],"collection":[{"href":"https:\/\/bellevueidaho.gov\/es\/wp-json\/wp\/v2\/pages"}],"about":[{"href":"https:\/\/bellevueidaho.gov\/es\/wp-json\/wp\/v2\/types\/page"}],"author":[{"embeddable":true,"href":"https:\/\/bellevueidaho.gov\/es\/wp-json\/wp\/v2\/users\/2"}],"replies":[{"embeddable":true,"href":"https:\/\/bellevueidaho.gov\/es\/wp-json\/wp\/v2\/comments?post=12424"}],"version-history":[{"count":0,"href":"https:\/\/bellevueidaho.gov\/es\/wp-json\/wp\/v2\/pages\/12424\/revisions"}],"wp:attachment":[{"href":"https:\/\/bellevueidaho.gov\/es\/wp-json\/wp\/v2\/media?parent=12424"}],"curies":[{"name":"wp","href":"https:\/\/api.w.org\/{rel}","templated":true}]}}