{"id":12419,"date":"2025-03-08T11:33:14","date_gmt":"2025-03-08T18:33:14","guid":{"rendered":"https:\/\/cityofbell.wpenginepowered.com\/centro-de-transparencia\/"},"modified":"2026-01-27T15:15:59","modified_gmt":"2026-01-27T22:15:59","slug":"centro-de-transparencia","status":"publish","type":"page","link":"https:\/\/bellevueidaho.gov\/es\/centro-de-transparencia\/","title":{"rendered":"Centro de Transparencia"},"content":{"rendered":"\t\t<div data-elementor-type=\"wp-page\" data-elementor-id=\"12419\" class=\"elementor elementor-12419 elementor-10616\" data-elementor-post-type=\"page\">\n\t\t\t\t<div class=\"elementor-element elementor-element-6015a5c e-con-full e-flex e-con e-parent\" data-id=\"6015a5c\" data-element_type=\"container\" data-e-type=\"container\">\n\t\t<div class=\"elementor-element elementor-element-24d0278 e-con-full e-flex e-con e-child\" data-id=\"24d0278\" data-element_type=\"container\" data-e-type=\"container\">\n\t\t\t\t<div class=\"elementor-element elementor-element-f122642 elementor-widget elementor-widget-text-editor\" data-id=\"f122642\" data-element_type=\"widget\" data-e-type=\"widget\" data-widget_type=\"text-editor.default\">\n\t\t\t\t<div class=\"elementor-widget-container\">\n\t\t\t\t\t\t\t\t\t<p>La transparencia en todas las facetas de la administraci\u00f3n es esencial para garantizar un compromiso, una supervisi\u00f3n y un servicio adecuados a la comunidad. El Centro de Transparencia de Bellevue est\u00e1 comprometido con la presentaci\u00f3n oportuna, completa, precisa y f\u00e1cil de revisar de los estados financieros, planes de proyectos, informes de cumplimiento e informaci\u00f3n sobre sus servicios y los acontecimientos y decisiones que le afectan a usted y a su familia. <\/p>\t\t\t\t\t\t\t\t<\/div>\n\t\t\t\t<\/div>\n\t\t\t\t<\/div>\n\t\t<div class=\"elementor-element elementor-element-ae5aa3d e-con-full e-flex e-con e-child\" data-id=\"ae5aa3d\" data-element_type=\"container\" data-e-type=\"container\">\n\t\t\t\t<div class=\"elementor-element elementor-element-928c3bb elementor-widget elementor-widget-heading\" data-id=\"928c3bb\" data-element_type=\"widget\" data-e-type=\"widget\" data-widget_type=\"heading.default\">\n\t\t\t\t<div class=\"elementor-widget-container\">\n\t\t\t\t\t<h2 class=\"elementor-heading-title elementor-size-default\">\u00bfTiene alguna pregunta?<\/h2>\t\t\t\t<\/div>\n\t\t\t\t<\/div>\n\t\t\t\t<div class=\"elementor-element elementor-element-af6e09d elementor-align-left elementor-widget elementor-widget-button\" data-id=\"af6e09d\" data-element_type=\"widget\" data-e-type=\"widget\" data-widget_type=\"button.default\">\n\t\t\t\t<div class=\"elementor-widget-container\">\n\t\t\t\t\t\t\t\t\t<div class=\"elementor-button-wrapper\">\n\t\t\t\t\t<a class=\"elementor-button elementor-button-link elementor-size-sm\" href=\"https:\/\/app.civicreview.com\/application\/69681e8c31b7c965faadb7cb%20\">\n\t\t\t\t\t\t<span class=\"elementor-button-content-wrapper\">\n\t\t\t\t\t\t\t\t\t<span class=\"elementor-button-text\">Solicitar registros p\u00fablicos<\/span>\n\t\t\t\t\t<\/span>\n\t\t\t\t\t<\/a>\n\t\t\t\t<\/div>\n\t\t\t\t\t\t\t\t<\/div>\n\t\t\t\t<\/div>\n\t\t\t\t<div class=\"elementor-element elementor-element-fc1ed06 elementor-align-left elementor-widget elementor-widget-button\" data-id=\"fc1ed06\" data-element_type=\"widget\" data-e-type=\"widget\" data-widget_type=\"button.default\">\n\t\t\t\t<div class=\"elementor-widget-container\">\n\t\t\t\t\t\t\t\t\t<div class=\"elementor-button-wrapper\">\n\t\t\t\t\t<a class=\"elementor-button elementor-button-link elementor-size-sm\" href=\"https:\/\/communitys1.sg-host.com\/pages\/issue-comment-form\/\">\n\t\t\t\t\t\t<span class=\"elementor-button-content-wrapper\">\n\t\t\t\t\t\t\t\t\t<span class=\"elementor-button-text\">Formule una pregunta<\/span>\n\t\t\t\t\t<\/span>\n\t\t\t\t\t<\/a>\n\t\t\t\t<\/div>\n\t\t\t\t\t\t\t\t<\/div>\n\t\t\t\t<\/div>\n\t\t\t\t<div class=\"elementor-element elementor-element-b635a47 elementor-widget-divider--view-line elementor-widget elementor-widget-divider\" data-id=\"b635a47\" data-element_type=\"widget\" data-e-type=\"widget\" data-widget_type=\"divider.default\">\n\t\t\t\t<div class=\"elementor-widget-container\">\n\t\t\t\t\t\t\t<div class=\"elementor-divider\">\n\t\t\t<span class=\"elementor-divider-separator\">\n\t\t\t\t\t\t<\/span>\n\t\t<\/div>\n\t\t\t\t\t\t<\/div>\n\t\t\t\t<\/div>\n\t\t\t\t<div class=\"elementor-element elementor-element-a9a9c48 elementor-widget elementor-widget-heading\" data-id=\"a9a9c48\" data-element_type=\"widget\" data-e-type=\"widget\" data-widget_type=\"heading.default\">\n\t\t\t\t<div class=\"elementor-widget-container\">\n\t\t\t\t\t<h2 class=\"elementor-heading-title elementor-size-default\">M\u00e1s informaci\u00f3n<\/h2>\t\t\t\t<\/div>\n\t\t\t\t<\/div>\n\t\t\t\t<\/div>\n\t\t\t\t<\/div>\n\t\t<div class=\"elementor-element elementor-element-03274ca e-flex e-con-boxed e-con e-parent\" data-id=\"03274ca\" data-element_type=\"container\" data-e-type=\"container\">\n\t\t\t\t\t<div class=\"e-con-inner\">\n\t\t\t\t<div class=\"elementor-element elementor-element-f2cf0fa elementor-widget elementor-widget-shortcode\" data-id=\"f2cf0fa\" data-element_type=\"widget\" data-e-type=\"widget\" data-widget_type=\"shortcode.default\">\n\t\t\t\t<div class=\"elementor-widget-container\">\n\t\t\t\t\t\t\t<div class=\"elementor-shortcode\">\t\t<div class=\"dlp-folders-container\" style=\"display:none;\">\n\t\t\t<div class=\"dlp-folders-search\"><label>Search:<input type=\"search\" placeholder=\"\" value=\"\"><\/label><div class=\"dlp-folders-reset\"><a class=\"reset\" href=\"#\"><div class=\"dlp-icon reset\"><svg version=\"1.1\" xmlns=\"http:\/\/www.w3.org\/2000\/svg\" width=\"32\" height=\"32\" viewBox=\"0 0 32 32\" aria-label=\"Reset\"><path d=\"M16 2c-4.418 0-8.418 1.791-11.313 4.687l-4.686-4.687v12h12l-4.485-4.485c2.172-2.172 5.172-3.515 8.485-3.515 6.627 0 12 5.373 12 12 0 3.584-1.572 6.801-4.063 9l2.646 3c3.322-2.932 5.417-7.221 5.417-12 0-8.837-7.163-16-16-16z\"><\/path><\/svg><\/div> Reset<\/a><\/div><\/div><div class=\"dlp-folders-search-results\"><\/div>\n\t\t\t<ul class=\"dlp-folders dlp-folders-root\" data-shortcode-atts='{\"folders\":true,\"doc_tag\":\"transparency-center\",\"post_type\":\"dlp_document\",\"layout\":\"table\",\"columns\":\"title:Nombre del documento,Fecha,link:Descargar\\\/Ver\",\"links\":\"none\"}'>\n\t\t\t\t\t\t\t\t\t<li class=\"dlp-folder dlp-folder closed\" data-category-id=\"218\">\n\t\t\t\t\t\t<span class=\"dlp-category\" tabindex=\"0\" role=\"button\" aria-expanded=\"false\">\n\t\t\t\t\t\t\t<div class=\"dlp-icon folder\" style=\"fill:#f6b900;\"><svg xmlns=\"http:\/\/www.w3.org\/2000\/svg\" viewBox=\"0 0 512 512\"><path d=\"M464 128H272l-64-64H48C21.49 64 0 85.49 0 112v288c0 26.51 21.49 48 48 48h416c26.51 0 48-21.49 48-48V176c0-26.51-21.49-48-48-48z\"\/><\/svg><\/div><div class=\"dlp-icon folder_open\" style=\"fill:#f6b900;\"><svg xmlns=\"http:\/\/www.w3.org\/2000\/svg\" viewBox=\"0 0 576 512\"><path d=\"M572.694 292.093L500.27 416.248A63.997 63.997 0 0 1 444.989 448H45.025c-18.523 0-30.064-20.093-20.731-36.093l72.424-124.155A64 64 0 0 1 152 256h399.964c18.523 0 30.064 20.093 20.73 36.093zM152 224h328v-48c0-26.51-21.49-48-48-48H272l-64-64H48C21.49 64 0 85.49 0 112v278.046l69.077-118.418C86.214 242.25 117.989 224 152 224z\"\/><\/svg><\/div>\t\t\t\t\t\t\t<span class=\"dlp-folder-label\">\n\t\t\t\t\t\t\t<span class=\"dlp-category-name\">Alcalde y Consejo Municipal<\/span>\n\t\t\t\t\t\t\t\t\t\t\t\t\t\t<\/span>\n\t\t\t\t\t\t<\/span>\n\n\t\t\t\t\t\t<div class=\"dlp-folder-inner\">\n\t\t\t\t\t\t\t<div class=\"dlp-category-table\">\n\t\t\t\t\t\t\t<\/div>\n\n\t\t\t\t\t\t\t<div class=\"dlp-category-subcategories\">\n\t\t\t\t\t\t\t\t\t\t\t\t\t\t\t<\/div>\n\t\t\t\t\t\t<\/div>\n\t\t\t\t\t<\/li>\n\t\t\t\t\t\t\t\t\t<li class=\"dlp-folder dlp-folder closed\" data-category-id=\"826\">\n\t\t\t\t\t\t<span class=\"dlp-category\" tabindex=\"0\" role=\"button\" aria-expanded=\"false\">\n\t\t\t\t\t\t\t<div class=\"dlp-icon folder\" style=\"fill:#f6b900;\"><svg xmlns=\"http:\/\/www.w3.org\/2000\/svg\" viewBox=\"0 0 512 512\"><path d=\"M464 128H272l-64-64H48C21.49 64 0 85.49 0 112v288c0 26.51 21.49 48 48 48h416c26.51 0 48-21.49 48-48V176c0-26.51-21.49-48-48-48z\"\/><\/svg><\/div><div class=\"dlp-icon folder_open\" style=\"fill:#f6b900;\"><svg xmlns=\"http:\/\/www.w3.org\/2000\/svg\" viewBox=\"0 0 576 512\"><path d=\"M572.694 292.093L500.27 416.248A63.997 63.997 0 0 1 444.989 448H45.025c-18.523 0-30.064-20.093-20.731-36.093l72.424-124.155A64 64 0 0 1 152 256h399.964c18.523 0 30.064 20.093 20.73 36.093zM152 224h328v-48c0-26.51-21.49-48-48-48H272l-64-64H48C21.49 64 0 85.49 0 112v278.046l69.077-118.418C86.214 242.25 117.989 224 152 224z\"\/><\/svg><\/div>\t\t\t\t\t\t\t<span class=\"dlp-folder-label\">\n\t\t\t\t\t\t\t<span class=\"dlp-category-name\">Proyecto comunitario<\/span>\n\t\t\t\t\t\t\t\t\t\t\t\t\t\t<\/span>\n\t\t\t\t\t\t<\/span>\n\n\t\t\t\t\t\t<div class=\"dlp-folder-inner\">\n\t\t\t\t\t\t\t<div class=\"dlp-category-table\">\n\t\t\t\t\t\t\t<\/div>\n\n\t\t\t\t\t\t\t<div class=\"dlp-category-subcategories\">\n\t\t\t\t\t\t\t\t\t\t\t\t\t\t\t<\/div>\n\t\t\t\t\t\t<\/div>\n\t\t\t\t\t<\/li>\n\t\t\t\t\t\t\t<\/ul>\n\n\t\t\t\n\t\t<\/div>\n\t\t<\/div>\n\t\t\t\t\t\t<\/div>\n\t\t\t\t<\/div>\n\t\t\t\t\t<\/div>\n\t\t\t\t<\/div>\n\t\t<div class=\"elementor-element elementor-element-d48fe9c e-flex e-con-boxed e-con e-parent\" data-id=\"d48fe9c\" data-element_type=\"container\" data-e-type=\"container\">\n\t\t\t\t\t<div class=\"e-con-inner\">\n\t\t\t\t\t<\/div>\n\t\t\t\t<\/div>\n\t\t\t\t<\/div>\n\t\t","protected":false},"excerpt":{"rendered":"<p>La transparencia en todas las facetas de la administraci\u00f3n es esencial para garantizar un compromiso, una supervisi\u00f3n y un servicio adecuados a la comunidad. El Centro de Transparencia de Bellevue &hellip;<\/p>\n","protected":false},"author":2,"featured_media":0,"parent":0,"menu_order":0,"comment_status":"closed","ping_status":"closed","template":"template-fullwidth.php","meta":{"_acf_changed":false,"footnotes":""},"class_list":["post-12419","page","type-page","status-publish","hentry"],"acf":[],"_links":{"self":[{"href":"https:\/\/bellevueidaho.gov\/es\/wp-json\/wp\/v2\/pages\/12419","targetHints":{"allow":["GET"]}}],"collection":[{"href":"https:\/\/bellevueidaho.gov\/es\/wp-json\/wp\/v2\/pages"}],"about":[{"href":"https:\/\/bellevueidaho.gov\/es\/wp-json\/wp\/v2\/types\/page"}],"author":[{"embeddable":true,"href":"https:\/\/bellevueidaho.gov\/es\/wp-json\/wp\/v2\/users\/2"}],"replies":[{"embeddable":true,"href":"https:\/\/bellevueidaho.gov\/es\/wp-json\/wp\/v2\/comments?post=12419"}],"version-history":[{"count":0,"href":"https:\/\/bellevueidaho.gov\/es\/wp-json\/wp\/v2\/pages\/12419\/revisions"}],"wp:attachment":[{"href":"https:\/\/bellevueidaho.gov\/es\/wp-json\/wp\/v2\/media?parent=12419"}],"curies":[{"name":"wp","href":"https:\/\/api.w.org\/{rel}","templated":true}]}}