{"id":12035,"date":"2025-02-17T13:51:32","date_gmt":"2025-02-17T20:51:32","guid":{"rendered":"https:\/\/cityofbell.wpenginepowered.com\/oficina-del-alguacil\/"},"modified":"2025-11-10T14:30:41","modified_gmt":"2025-11-10T21:30:41","slug":"oficina-del-alguacil","status":"publish","type":"page","link":"https:\/\/bellevueidaho.gov\/es\/servicios-municipales\/oficina-del-alguacil\/","title":{"rendered":"Oficina del Alguacil"},"content":{"rendered":"\t\t<div data-elementor-type=\"wp-page\" data-elementor-id=\"12035\" class=\"elementor elementor-12035 elementor-5359\" data-elementor-post-type=\"page\">\n\t\t\t\t<div class=\"elementor-element elementor-element-163a0a3 e-con-full e-flex e-con e-parent\" data-id=\"163a0a3\" data-element_type=\"container\" data-e-type=\"container\" data-settings=\"{&quot;background_background&quot;:&quot;classic&quot;}\">\n\t\t\t\t<div class=\"elementor-element elementor-element-ff8b79e elementor-widget elementor-widget-heading\" data-id=\"ff8b79e\" data-element_type=\"widget\" data-e-type=\"widget\" data-widget_type=\"heading.default\">\n\t\t\t\t<div class=\"elementor-widget-container\">\n\t\t\t\t\t<h1 class=\"elementor-heading-title elementor-size-default\">Oficina del Alguacil<\/h1>\t\t\t\t<\/div>\n\t\t\t\t<\/div>\n\t\t\t\t<\/div>\n\t\t<div class=\"elementor-element elementor-element-1a6b8f2 e-flex e-con-boxed e-con e-parent\" data-id=\"1a6b8f2\" data-element_type=\"container\" data-e-type=\"container\">\n\t\t\t\t\t<div class=\"e-con-inner\">\n\t\t\t\t\t<\/div>\n\t\t\t\t<\/div>\n\t\t<div class=\"elementor-element elementor-element-35e308b e-flex e-con-boxed e-con e-parent\" data-id=\"35e308b\" data-element_type=\"container\" data-e-type=\"container\">\n\t\t\t\t\t<div class=\"e-con-inner\">\n\t\t<div class=\"elementor-element elementor-element-ed77cfa e-con-full e-flex e-con e-child\" data-id=\"ed77cfa\" data-element_type=\"container\" data-e-type=\"container\">\n\t\t\t\t<div class=\"elementor-element elementor-element-50cad04 elementor-widget__width-auto elementor-widget elementor-widget-text-editor\" data-id=\"50cad04\" data-element_type=\"widget\" data-e-type=\"widget\" data-widget_type=\"text-editor.default\">\n\t\t\t\t<div class=\"elementor-widget-container\">\n\t\t\t\t\t\t\t\t\t<h5>Si tiene una emergencia, llame al 911<\/h5><h5 style=\"text-align: left;\">N\u00famero de tel\u00e9fono de la central de emergencias: (208) 578-3831<\/h5>\t\t\t\t\t\t\t\t<\/div>\n\t\t\t\t<\/div>\n\t\t\t\t<div class=\"elementor-element elementor-element-5e30983 elementor-widget-divider--view-line elementor-widget elementor-widget-divider\" data-id=\"5e30983\" data-element_type=\"widget\" data-e-type=\"widget\" data-widget_type=\"divider.default\">\n\t\t\t\t<div class=\"elementor-widget-container\">\n\t\t\t\t\t\t\t<div class=\"elementor-divider\">\n\t\t\t<span class=\"elementor-divider-separator\">\n\t\t\t\t\t\t<\/span>\n\t\t<\/div>\n\t\t\t\t\t\t<\/div>\n\t\t\t\t<\/div>\n\t\t\t\t<\/div>\n\t\t\t\t\t<\/div>\n\t\t\t\t<\/div>\n\t\t<div class=\"elementor-element elementor-element-20dcdaa e-flex e-con-boxed e-con e-parent\" data-id=\"20dcdaa\" data-element_type=\"container\" data-e-type=\"container\">\n\t\t\t\t\t<div class=\"e-con-inner\">\n\t\t<div class=\"elementor-element elementor-element-99f80d4 e-con-full e-flex e-con e-child\" data-id=\"99f80d4\" data-element_type=\"container\" data-e-type=\"container\">\n\t\t\t\t<div class=\"elementor-element elementor-element-808fa81 elementor-widget elementor-widget-heading\" data-id=\"808fa81\" data-element_type=\"widget\" data-e-type=\"widget\" data-widget_type=\"heading.default\">\n\t\t\t\t<div class=\"elementor-widget-container\">\n\t\t\t\t\t<h2 class=\"elementor-heading-title elementor-size-default\">Misi\u00f3n de la Oficina del Alguacil de Bellevue:  <\/h2>\t\t\t\t<\/div>\n\t\t\t\t<\/div>\n\t\t\t\t<\/div>\n\t\t\t\t\t<\/div>\n\t\t\t\t<\/div>\n\t\t<div class=\"elementor-element elementor-element-4d7fcdc e-flex e-con-boxed e-con e-parent\" data-id=\"4d7fcdc\" data-element_type=\"container\" data-e-type=\"container\">\n\t\t\t\t\t<div class=\"e-con-inner\">\n\t\t<div class=\"elementor-element elementor-element-72c2f98 e-con-full e-flex e-con e-child\" data-id=\"72c2f98\" data-element_type=\"container\" data-e-type=\"container\">\n\t\t<div class=\"elementor-element elementor-element-65691fb e-con-full e-flex e-con e-child\" data-id=\"65691fb\" data-element_type=\"container\" data-e-type=\"container\">\n\t\t\t\t<div class=\"elementor-element elementor-element-e52b1a0 elementor-widget__width-initial elementor-widget elementor-widget-text-editor\" data-id=\"e52b1a0\" data-element_type=\"widget\" data-e-type=\"widget\" data-widget_type=\"text-editor.default\">\n\t\t\t\t<div class=\"elementor-widget-container\">\n\t\t\t\t\t\t\t\t\t<p><strong>La misi\u00f3n de la Oficina del Alguacil de Bellevue es proporcionar un entorno comunitario seguro y garantizar una calidad de vida positiva a trav\u00e9s de un servicio dedicado y profesional en colaboraci\u00f3n con nuestra comunidad.<\/strong><\/p><p><strong>  &#8211; Mariscal Kirtus Gaston<\/strong><\/p><p> <\/p>\t\t\t\t\t\t\t\t<\/div>\n\t\t\t\t<\/div>\n\t\t\t\t<\/div>\n\t\t\t\t<\/div>\n\t\t\t\t<div class=\"elementor-element elementor-element-7f5fbe3 elementor-widget elementor-widget-text-editor\" data-id=\"7f5fbe3\" data-element_type=\"widget\" data-e-type=\"widget\" data-widget_type=\"text-editor.default\">\n\t\t\t\t<div class=\"elementor-widget-container\">\n\t\t\t\t\t\t\t\t\t<p><strong>Kirtus Gaston<\/strong><br>Mariscal\/Jefe<\/p><p><strong>Mike Shelamer<\/strong><br>Sargento<\/p><p><strong>Joe Thayer<\/strong><br>Marshal Adjunto<\/p><p><strong>Emanuel Marin<\/strong><br>Alguacil adjunto<\/p>\t\t\t\t\t\t\t\t<\/div>\n\t\t\t\t<\/div>\n\t\t\t\t\t<\/div>\n\t\t\t\t<\/div>\n\t\t<div class=\"elementor-element elementor-element-653d982 e-flex e-con-boxed e-con e-parent\" data-id=\"653d982\" data-element_type=\"container\" data-e-type=\"container\">\n\t\t\t\t\t<div class=\"e-con-inner\">\n\t\t\t\t<div class=\"elementor-element elementor-element-d814a88 elementor-widget-divider--view-line elementor-widget elementor-widget-divider\" data-id=\"d814a88\" data-element_type=\"widget\" data-e-type=\"widget\" data-widget_type=\"divider.default\">\n\t\t\t\t<div class=\"elementor-widget-container\">\n\t\t\t\t\t\t\t<div class=\"elementor-divider\">\n\t\t\t<span class=\"elementor-divider-separator\">\n\t\t\t\t\t\t<\/span>\n\t\t<\/div>\n\t\t\t\t\t\t<\/div>\n\t\t\t\t<\/div>\n\t\t\t\t<div class=\"elementor-element elementor-element-5fce6d0 e-n-tabs-mobile elementor-widget elementor-widget-n-tabs\" data-id=\"5fce6d0\" data-element_type=\"widget\" data-e-type=\"widget\" data-settings=\"{&quot;horizontal_scroll&quot;:&quot;disable&quot;}\" data-widget_type=\"nested-tabs.default\">\n\t\t\t\t<div class=\"elementor-widget-container\">\n\t\t\t\t\t\t\t<div class=\"e-n-tabs\" data-widget-number=\"100460240\" aria-label=\"Pesta\u00f1as. Abre elementos con Intro o Espacio, ci\u00e9rralos con Escape y navega con las fechas.\">\n\t\t\t<div class=\"e-n-tabs-heading\" role=\"tablist\">\n\t\t\t\t\t<button id=\"e-n-tab-title-1004602401\" data-tab-title-id=\"e-n-tab-title-1004602401\" class=\"e-n-tab-title\" aria-selected=\"true\" data-tab-index=\"1\" role=\"tab\" tabindex=\"0\" aria-controls=\"e-n-tab-content-1004602401\" style=\"--n-tabs-title-order: 1;\">\n\t\t\t\t\t\t<span class=\"e-n-tab-title-text\">\n\t\t\t\tInformaci\u00f3n sobre seguridad p\u00fablica\t\t\t<\/span>\n\t\t<\/button>\n\t\t\t\t<button id=\"e-n-tab-title-1004602402\" data-tab-title-id=\"e-n-tab-title-1004602402\" class=\"e-n-tab-title\" aria-selected=\"false\" data-tab-index=\"2\" role=\"tab\" tabindex=\"-1\" aria-controls=\"e-n-tab-content-1004602402\" style=\"--n-tabs-title-order: 2;\">\n\t\t\t\t\t\t<span class=\"e-n-tab-title-text\">\n\t\t\t\tEducaci\u00f3n p\u00fablica\t\t\t<\/span>\n\t\t<\/button>\n\t\t\t\t<button id=\"e-n-tab-title-1004602403\" data-tab-title-id=\"e-n-tab-title-1004602403\" class=\"e-n-tab-title\" aria-selected=\"false\" data-tab-index=\"3\" role=\"tab\" tabindex=\"-1\" aria-controls=\"e-n-tab-content-1004602403\" style=\"--n-tabs-title-order: 3;\">\n\t\t\t\t\t\t<span class=\"e-n-tab-title-text\">\n\t\t\t\tEmpleo\t\t\t<\/span>\n\t\t<\/button>\n\t\t\t\t\t<\/div>\n\t\t\t<div class=\"e-n-tabs-content\">\n\t\t\t\t<div id=\"e-n-tab-content-1004602401\" role=\"tabpanel\" aria-labelledby=\"e-n-tab-title-1004602401\" data-tab-index=\"1\" style=\"--n-tabs-title-order: 1;\" class=\"e-active elementor-element elementor-element-52aef2d e-con-full e-flex e-con e-child\" data-id=\"52aef2d\" data-element_type=\"container\" data-e-type=\"container\">\n\t\t\t\t<div class=\"elementor-element elementor-element-a7276f5 elementor-widget elementor-widget-text-editor\" data-id=\"a7276f5\" data-element_type=\"widget\" data-e-type=\"widget\" data-widget_type=\"text-editor.default\">\n\t\t\t\t<div class=\"elementor-widget-container\">\n\t\t\t\t\t\t\t\t\t<p>Cualquier persona que solicita un permiso para un cierre parcial o completo del camino para un acontecimiento especial, invasi\u00f3n, etc. debe someter un uso del cierre de la calle y entrar en contacto con el despacho del condado de Blaine que les aconseja del cierre del camino.<\/p><p> <\/p><p><strong>Alertas de emergencia C\u00f3digo Rojo: <\/strong>Inscr\u00edbase para recibir alertas de notificaci\u00f3n de su equipo local de respuesta a emergencias en caso de situaciones de emergencia o alertas cr\u00edticas para la comunidad:<strong> <span style=\"text-decoration-line: underline;\"><a href=\"https:\/\/public.coderedweb.com\/CNE\/en-US\/58D579DB8746\">haga clic aqu\u00ed<\/a>.<\/span><\/strong><\/p><p> <\/p><p><strong>Denuncie el fraude: <\/strong><strong><u><a href=\"https:\/\/reportfraud.ftc.gov\/\">Comisi\u00f3n Federal de Comercio<\/a><\/u><\/strong><\/p><p> <\/p><p><strong>Normas y directrices sobre veh\u00edculos todoterreno: <u><a href=\"https:\/\/parksandrecreation.idaho.gov\/activities\/atv-motorbike\/ohv-laws-rules-and-guidelines\/\">Haga clic aqu\u00ed <\/a><\/u> <\/strong><\/p>\t\t\t\t\t\t\t\t<\/div>\n\t\t\t\t<\/div>\n\t\t\t\t<\/div>\n\t\t<div id=\"e-n-tab-content-1004602402\" role=\"tabpanel\" aria-labelledby=\"e-n-tab-title-1004602402\" data-tab-index=\"2\" style=\"--n-tabs-title-order: 2;\" class=\" elementor-element elementor-element-0d7e320 e-con-full e-flex e-con e-child\" data-id=\"0d7e320\" data-element_type=\"container\" data-e-type=\"container\">\n\t\t\t\t<div class=\"elementor-element elementor-element-e6eea50 elementor-widget elementor-widget-text-editor\" data-id=\"e6eea50\" data-element_type=\"widget\" data-e-type=\"widget\" data-widget_type=\"text-editor.default\">\n\t\t\t\t<div class=\"elementor-widget-container\">\n\t\t\t\t\t\t\t\t\t<h3>Formaci\u00f3n de concienciaci\u00f3n sobre el alcohol para licencias de licor, cerveza o vino expedidas por la ciudad:<\/h3>\n<p>Si usted ha solicitado una licencia de licor, cerveza o vino se le requiere que asista a un entrenamiento de conciencia sobre el alcohol aprobado por el Marshall de Bellevue antes de la emisi\u00f3n de dicha licencia. Usted puede tomar la clase de conciencia sobre el alcohol en l\u00ednea con la Polic\u00eda Estatal de Idaho. &nbsp;<span style=\"text-decoration: underline;\"><b><a href=\"https:\/\/isp.idaho.gov\/wp-content\/uploads\/ABC\/resources\/Alcohol-Awareness-Training.pdf\" target=\"_blank\" rel=\"noopener\">Haga clic aqu\u00ed<\/a><\/b><\/span> para m\u00e1s informaci\u00f3n.&nbsp;<\/p><p>_______________________________________________________________________________________________<\/p>\n<h3 data-start=\"70\" data-end=\"134\">La Oficina del Alguacil de Bellevue es ahora una Estaci\u00f3n de Asientos de Coche Certificada<\/h3>\n<p data-start=\"136\" data-end=\"405\">La Oficina del Alguacil de Bellevue se complace en anunciar que ahora somos una <strong data-start=\"217\" data-end=\"237\">estaci\u00f3n<\/strong> oficial <strong data-start=\"217\" data-end=\"237\">de asiento de coche<\/strong>. El Subcomisario Marin est\u00e1 certificado para proporcionar <strong data-start=\"284\" data-end=\"328\">comprobaciones de sillas de coche, formaci\u00f3n y educaci\u00f3n<\/strong> para ayudar a asegurar que la silla de coche de su hijo est\u00e1 instalada y se utiliza correctamente.<\/p>\n<ul>\n<li data-start=\"136\" data-end=\"405\"><strong data-start=\"409\" data-end=\"432\">S\u00f3lo con cita previa<\/strong> &#8211; P\u00f3ngase en contacto con nuestra oficina para concertar una cita.<\/li>\n<li><strong data-start=\"485\" data-end=\"509\">Formaci\u00f3n y educaci\u00f3n<\/strong>: las sesiones suelen durar <strong data-start=\"536\" data-end=\"549\">entre 1 y 2 horas<\/strong> y abarcan la instalaci\u00f3n correcta, las directrices de seguridad y la pr\u00e1ctica.&nbsp;<\/li>\n<\/ul>\n<p data-start=\"729\" data-end=\"823\">\n<\/p><p data-start=\"729\" data-end=\"823\">Se anima a padres, abuelos y cuidadores a aprovechar este servicio gratuito.<\/p>\n<p data-start=\"729\" data-end=\"823\">Para concertar una cita u obtener m\u00e1s informaci\u00f3n, llame a la Oficina del Alguacil de Bellevue al (208) 788-3892 o env\u00ede un correo electr\u00f3nico al Ayudante Marin: emarin@bellevueidaho.us.<\/p>\t\t\t\t\t\t\t\t<\/div>\n\t\t\t\t<\/div>\n\t\t\t\t<\/div>\n\t\t<div id=\"e-n-tab-content-1004602403\" role=\"tabpanel\" aria-labelledby=\"e-n-tab-title-1004602403\" data-tab-index=\"3\" style=\"--n-tabs-title-order: 3;\" class=\" elementor-element elementor-element-6634167 e-con-full e-flex e-con e-child\" data-id=\"6634167\" data-element_type=\"container\" data-e-type=\"container\">\n\t\t\t\t<div class=\"elementor-element elementor-element-4212ca5 elementor-widget elementor-widget-text-editor\" data-id=\"4212ca5\" data-element_type=\"widget\" data-e-type=\"widget\" data-widget_type=\"text-editor.default\">\n\t\t\t\t<div class=\"elementor-widget-container\">\n\t\t\t\t\t\t\t\t\t<h3>La Oficina del Alguacil de Bellevue est\u00e1 aceptando solicitudes para el puesto de Alguacil Adjunto.<\/h3><p>Esta es una oportunidad excepcional para las personas que buscan una carrera desafiante y gratificante en la aplicaci\u00f3n de la ley. Los Marshals Adjuntos son responsables de garantizar la seguridad p\u00fablica a trav\u00e9s del patrullaje proactivo, respondiendo a las llamadas de servicio, haciendo cumplir las leyes federales, estatales y locales, y participando en la divulgaci\u00f3n comunitaria. Se anima a los candidatos cualificados que demuestren buen juicio, integridad y compromiso con el servicio p\u00fablico a que presenten su solicitud. \u00danase a nosotros para salvaguardar la comunidad de Bellevue mientras avanza en su carrera en un entorno din\u00e1mico y de apoyo. Ver descripci\u00f3n completa del puesto <g id=\"gid_0\"><g id=\"gid_1\"><g id=\"gid_2\">AQU\u00cd<\/g><\/g><\/g>. Solicitud disponible <u><strong><a href=\"https:\/\/bellevueidaho.gov\/wp-content\/uploads\/2025\/08\/Police-Employment-Application.pdf\">AQU\u00cd<\/a><\/strong>.<\/u>      <\/p>\t\t\t\t\t\t\t\t<\/div>\n\t\t\t\t<\/div>\n\t\t\t\t<\/div>\n\t\t\t\t\t<\/div>\n\t\t<\/div>\n\t\t\t\t\t\t<\/div>\n\t\t\t\t<\/div>\n\t\t\t\t<div class=\"elementor-element elementor-element-1cda2f6 elementor-widget elementor-widget-spacer\" data-id=\"1cda2f6\" data-element_type=\"widget\" data-e-type=\"widget\" data-widget_type=\"spacer.default\">\n\t\t\t\t<div class=\"elementor-widget-container\">\n\t\t\t\t\t\t\t<div class=\"elementor-spacer\">\n\t\t\t<div class=\"elementor-spacer-inner\"><\/div>\n\t\t<\/div>\n\t\t\t\t\t\t<\/div>\n\t\t\t\t<\/div>\n\t\t\t\t\t<\/div>\n\t\t\t\t<\/div>\n\t\t\t\t<\/div>\n\t\t","protected":false},"excerpt":{"rendered":"<p>Oficina del Alguacil Si tiene una emergencia, llame al 911 N\u00famero de tel\u00e9fono de la central de emergencias: (208) 578-3831 Misi\u00f3n de la Oficina del Alguacil de Bellevue: La misi\u00f3n &hellip;<\/p>\n","protected":false},"author":2,"featured_media":7083,"parent":12442,"menu_order":0,"comment_status":"closed","ping_status":"closed","template":"elementor_header_footer","meta":{"_acf_changed":false,"footnotes":""},"class_list":["post-12035","page","type-page","status-publish","has-post-thumbnail","hentry"],"acf":[],"_links":{"self":[{"href":"https:\/\/bellevueidaho.gov\/es\/wp-json\/wp\/v2\/pages\/12035","targetHints":{"allow":["GET"]}}],"collection":[{"href":"https:\/\/bellevueidaho.gov\/es\/wp-json\/wp\/v2\/pages"}],"about":[{"href":"https:\/\/bellevueidaho.gov\/es\/wp-json\/wp\/v2\/types\/page"}],"author":[{"embeddable":true,"href":"https:\/\/bellevueidaho.gov\/es\/wp-json\/wp\/v2\/users\/2"}],"replies":[{"embeddable":true,"href":"https:\/\/bellevueidaho.gov\/es\/wp-json\/wp\/v2\/comments?post=12035"}],"version-history":[{"count":0,"href":"https:\/\/bellevueidaho.gov\/es\/wp-json\/wp\/v2\/pages\/12035\/revisions"}],"up":[{"embeddable":true,"href":"https:\/\/bellevueidaho.gov\/es\/wp-json\/wp\/v2\/pages\/12442"}],"wp:featuredmedia":[{"embeddable":true,"href":"https:\/\/bellevueidaho.gov\/es\/wp-json\/wp\/v2\/media\/7083"}],"wp:attachment":[{"href":"https:\/\/bellevueidaho.gov\/es\/wp-json\/wp\/v2\/media?parent=12035"}],"curies":[{"name":"wp","href":"https:\/\/api.w.org\/{rel}","templated":true}]}}